{"id":90,"date":"2012-11-04T00:04:54","date_gmt":"2012-11-04T00:04:54","guid":{"rendered":"http:\/\/estrategiasenlared.com\/xantalaweb\/?page_id=90"},"modified":"2025-09-11T19:17:17","modified_gmt":"2025-09-11T18:17:17","slug":"espaci-educacion-libre-barcelona","status":"publish","type":"page","link":"https:\/\/xantala.es\/es\/el-proyecto\/espaci-educacion-libre-barcelona\/","title":{"rendered":"Espacio Matinal"},"content":{"rendered":"<p><\/p>\n<blockquote><p><i><span style=\"font-weight: 400;\">Acompa\u00f1amos a cada ni\u00f1o y ni\u00f1a, como un ser \u00fanico, en su proceso de desarrollo individual y de relaci\u00f3n con el grupo. <\/span><\/i><i><span style=\"font-weight: 400;\">Acompa\u00f1amos a las familias en su proceso de crianza.<\/span><\/i><\/p>\n<p><a href=\"https:\/\/xantala.es\/wp-content\/uploads\/2021\/03\/escuela-educacion-libre-cuento.jpg\"><img decoding=\"async\" class=\"aligncenter wp-image-2584 size-medium\" title=\"escuela educaci\u00f3n libre cuento\" src=\"https:\/\/xantala.es\/wp-content\/uploads\/2021\/03\/escuela-educacion-libre-cuento-300x207.jpg\" alt=\"escuela educaci\u00f3n libre cuento\" width=\"300\" height=\"207\" srcset=\"https:\/\/xantala.es\/wp-content\/uploads\/2021\/03\/escuela-educacion-libre-cuento-300x207.jpg 300w, https:\/\/xantala.es\/wp-content\/uploads\/2021\/03\/escuela-educacion-libre-cuento-1024x707.jpg 1024w, https:\/\/xantala.es\/wp-content\/uploads\/2021\/03\/escuela-educacion-libre-cuento-768x531.jpg 768w, https:\/\/xantala.es\/wp-content\/uploads\/2021\/03\/escuela-educacion-libre-cuento.jpg 1100w\" sizes=\"(max-width: 300px) 100vw, 300px\" \/><\/a><\/p><\/blockquote>\n<p><span style=\"font-weight: 400;\">Nuestra mirada se basa en los <\/span><b>principios de la Educaci\u00f3n Libre<\/b><span style=\"font-weight: 400;\">, que propone la libertad responsable como la posibilidad de ser una misma, de conectar con las propias necesidades b\u00e1sicas y de aprender a relacionarse con las dem\u00e1s con respeto y empat\u00eda.<\/span><span style=\"font-weight: 400;\">\u00a0<\/span><\/p>\n<p><span style=\"font-weight: 400;\">L<\/span><span style=\"font-weight: 400;\">os pilares de nuestra propuesta son:<\/span><\/p>\n<ul>\n<li><b>Nuestra ratio: 1 \u2013 6\/8<\/b><span style=\"font-weight: 400;\"> (1 educadora por cada 6 u 8 ni\u00f1es) nos permite realmente llevar a cabo los principios pedag\u00f3gicos que enumeramos a continuaci\u00f3n, con un acompa\u00f1amiento cercano e individualizado, respetando los diferentes ritmos de cada ni\u00f1a y ni\u00f1o.<\/span><\/li>\n<li><span style=\"font-weight: 400;\">Con un m\u00e1ximo de 18 ni\u00f1es de 20 meses a 6 a\u00f1os hay 3\u00a0 acompa\u00f1antes en el espacio cada d\u00eda.<\/span><\/li>\n<li><span style=\"font-weight: 400;\">La aceptaci\u00f3n de cada individuo como un <\/span><b>ser \u00fanico:<\/b><span style=\"font-weight: 400;\"> acompa\u00f1amos sus procesos de desarrollo a partir de la <\/span><b>escucha profunda, la observaci\u00f3n y la comprensi\u00f3n de su etapa evolutiva y contexto familiar.<\/b><\/li>\n<li><b>Acompa\u00f1amiento emocional<\/b><span style=\"font-weight: 400;\">: acompa\u00f1amos a cada ni\u00f1a y ni\u00f1o a identificar y expresar sus emociones, sin juzgarlas, y de manera que no se haga da\u00f1o a ella ni a las dem\u00e1s. Creemos que todas las emociones forman parte de cada persona y por eso acompa\u00f1amos a comprenderlas y gestionarlas.<\/span><\/li>\n<li><span style=\"font-weight: 400;\">La <\/span><b>autonom\u00eda<\/b><span style=\"font-weight: 400;\"> motriz, de comunicaci\u00f3n, de higiene, de tomar decisiones seg\u00fan sus intereses y necesidades. <\/span><span style=\"font-weight: 400;\">Acompa\u00f1amos de cerca los conflictos para que les ni\u00f1es pongan palabras a lo que sienten y a lo que quieren y puedan escuchar a la otra persona y encontrar acuerdos si lo necesitan.<\/span><\/li>\n<li><span style=\"font-weight: 400;\">La <\/span><b style=\"font-style: inherit;\">autorregulaci\u00f3n<\/b><span style=\"font-weight: 400;\"> de esf\u00ednteres, alimentaria, de su temperatura corporal.<\/span><\/li>\n<li><span style=\"font-weight: 400;\">Ofrecemos <\/span><b>ambientes preparados y cuidados de libre circulaci\u00f3n<\/b><span style=\"font-weight: 400;\">, con materiales y propuestas pensadas para satisfacer las necesidades de las peque\u00f1as, entre los cuales cada una puede decidir aut\u00f3nomamente.<\/span><\/li>\n<li><b>Aprendizaje a trav\u00e9s del juego<\/b><span style=\"font-weight: 400;\">, la experimentaci\u00f3n, los cuentos y la expresi\u00f3n art\u00edstica. Fomentamos la creatividad, escucha y expresi\u00f3n libre.<\/span><\/li>\n<li><span style=\"font-weight: 400;\">Proponemos un <\/span><b>espacio de tranquilidad f\u00edsica y afectiva<\/b><span style=\"font-weight: 400;\">, para que les ni\u00f1es se desplieguen tal y como son, fomentando la confianza en s\u00ed mismas.<\/span><\/li>\n<li><span style=\"font-weight: 400;\">Con mirada respetuosa y en continua reflexi\u00f3n respecto a la <\/span><b>coeducaci\u00f3n<\/b><span style=\"font-weight: 400;\"> e igualdad de oportunidades por <\/span><b>g\u00e9nero<\/b><span style=\"font-weight: 400;\">.<\/span><\/li>\n<li><span style=\"font-weight: 400;\">Entendemos los <\/span><b>l\u00edmites<\/b><span style=\"font-weight: 400;\"> como b\u00e1sicos para el desarrollo emocional y f\u00edsico de les ni\u00f1es. <\/span><span style=\"font-weight: 400;\">Los l\u00edmites nos contienen, nos abrazan, nos dan seguridad y nos proporcionan una convivencia arm\u00f3nica entre todas. Trabajamos para poner l<\/span><span style=\"font-weight: 400;\">\u00edmites claros, con sentido, con comprensi\u00f3n y sin juzgar.<\/span><\/li>\n<li><span style=\"font-weight: 400;\">Acompa\u00f1amiento a las familias, con una comunicaci\u00f3n continuada, encuentros pedag\u00f3gicos y entradas y salidas relajadas en el espacio.<\/span><\/li>\n<li><span style=\"font-weight: 400;\">En el <\/span><b>proceso de adaptaci\u00f3n<\/b><span style=\"font-weight: 400;\"> respetamos el tiempo que necesite la ni\u00f1a o ni\u00f1o para quedarse sinti\u00e9ndose segura en Xantala y con v\u00ednculo con las acompa\u00f1antes. <\/span><span style=\"font-weight: 400;\">Consideramos la adaptaci\u00f3n como un momento clave en el desarrollo, en el que elabora<\/span><span style=\"font-weight: 400;\"> ps\u00edquica, emocional y f\u00edsicamente la separaci\u00f3n de su espacio fusional con su figura de apego. Y conlleva un reto emocional tanto para el ni\u00f1o o la ni\u00f1a como para su familia.<\/span><\/li>\n<\/ul>\n<h5>De lunes a viernes, de 9 a 15h.<\/h5>\n<p><\/p>","protected":false},"excerpt":{"rendered":"<p>Acompa\u00f1amos a cada ni\u00f1o y ni\u00f1a, como un ser \u00fanico, en su proceso de desarrollo individual y de relaci\u00f3n con el grupo. Acompa\u00f1amos a las familias en su proceso de crianza. Nuestra mirada se basa en los principios de la Educaci\u00f3n Libre, que propone la libertad responsable como la posibilidad de ser una misma, de &hellip; <\/p>\n<p class=\"link-more\"><a href=\"https:\/\/xantala.es\/es\/el-proyecto\/espaci-educacion-libre-barcelona\/\" class=\"more-link\">Continuar leyendo<span class=\"screen-reader-text\"> \u00abEspacio Matinal\u00bb<\/span><\/a><\/p>\n","protected":false},"author":1,"featured_media":0,"parent":2367,"menu_order":0,"comment_status":"closed","ping_status":"closed","template":"","meta":{"footnotes":""},"yoast_head":"<!-- This site is optimized with the Yoast SEO plugin v15.9.1 - https:\/\/yoast.com\/wordpress\/plugins\/seo\/ -->\n<title>Espacio de Educaci\u00f3n Libre para ni\u00f1os de 2-6 a\u00f1os en Poblenou |Xantala<\/title>\n<meta name=\"description\" content=\"Xantala es un espacio que acoge a ni\u00f1os y sus familias, donde se acompa\u00f1an y se respetan los procesos vitales y evolutivos del desarrollo.\" \/>\n<link rel=\"canonical\" href=\"https:\/\/xantala.es\/el-proyecto\/espaci-educacion-libre-barcelona\/\" \/>\n<meta property=\"og:locale\" content=\"es_ES\" \/>\n<meta property=\"og:type\" content=\"article\" \/>\n<meta property=\"og:title\" content=\"Espacio de Educaci\u00f3n Libre para ni\u00f1os de 2-6 a\u00f1os en Poblenou |Xantala\" \/>\n<meta property=\"og:description\" content=\"Xantala es un espacio que acoge a ni\u00f1os y sus familias, donde se acompa\u00f1an y se respetan los procesos vitales y evolutivos del desarrollo.\" \/>\n<meta property=\"og:url\" content=\"https:\/\/xantala.es\/el-proyecto\/espaci-educacion-libre-barcelona\/\" \/>\n<meta property=\"article:modified_time\" content=\"2025-09-11T18:17:17+00:00\" \/>\n<meta property=\"og:image\" content=\"https:\/\/xantala.es\/wp-content\/uploads\/2021\/03\/escuela-educacion-libre-cuento-300x207.jpg\" \/>\n<meta name=\"twitter:card\" content=\"summary_large_image\" \/>\n<meta name=\"twitter:label1\" content=\"Tiempo de lectura\">\n\t<meta name=\"twitter:data1\" content=\"7 minutos\">\n<script type=\"application\/ld+json\" class=\"yoast-schema-graph\">{\"@context\":\"https:\/\/schema.org\",\"@graph\":[{\"@type\":\"WebSite\",\"@id\":\"https:\/\/xantala.es\/#website\",\"url\":\"https:\/\/xantala.es\/\",\"name\":\"\",\"description\":\"\",\"potentialAction\":[{\"@type\":\"SearchAction\",\"target\":\"https:\/\/xantala.es\/?s={search_term_string}\",\"query-input\":\"required name=search_term_string\"}],\"inLanguage\":\"es\"},{\"@type\":\"ImageObject\",\"@id\":\"https:\/\/xantala.es\/el-proyecto\/espaci-educacion-libre-barcelona\/#primaryimage\",\"inLanguage\":\"es\",\"url\":\"https:\/\/xantala.es\/wp-content\/uploads\/2021\/03\/escuela-educacion-libre-cuento.jpg\",\"width\":1100,\"height\":760,\"caption\":\"escuela educaci\\u00f3n libre cuento\"},{\"@type\":\"WebPage\",\"@id\":\"https:\/\/xantala.es\/el-proyecto\/espaci-educacion-libre-barcelona\/#webpage\",\"url\":\"https:\/\/xantala.es\/el-proyecto\/espaci-educacion-libre-barcelona\/\",\"name\":\"Espacio de Educaci\\u00f3n Libre para ni\\u00f1os de 2-6 a\\u00f1os en Poblenou |Xantala\",\"isPartOf\":{\"@id\":\"https:\/\/xantala.es\/#website\"},\"primaryImageOfPage\":{\"@id\":\"https:\/\/xantala.es\/el-proyecto\/espaci-educacion-libre-barcelona\/#primaryimage\"},\"datePublished\":\"2012-11-04T00:04:54+00:00\",\"dateModified\":\"2025-09-11T18:17:17+00:00\",\"description\":\"Xantala es un espacio que acoge a ni\\u00f1os y sus familias, donde se acompa\\u00f1an y se respetan los procesos vitales y evolutivos del desarrollo.\",\"breadcrumb\":{\"@id\":\"https:\/\/xantala.es\/el-proyecto\/espaci-educacion-libre-barcelona\/#breadcrumb\"},\"inLanguage\":\"es\",\"potentialAction\":[{\"@type\":\"ReadAction\",\"target\":[\"https:\/\/xantala.es\/el-proyecto\/espaci-educacion-libre-barcelona\/\"]}]},{\"@type\":\"BreadcrumbList\",\"@id\":\"https:\/\/xantala.es\/el-proyecto\/espaci-educacion-libre-barcelona\/#breadcrumb\",\"itemListElement\":[{\"@type\":\"ListItem\",\"position\":1,\"item\":{\"@type\":\"WebPage\",\"@id\":\"https:\/\/xantala.es\/\",\"url\":\"https:\/\/xantala.es\/\",\"name\":\"Inici\"}},{\"@type\":\"ListItem\",\"position\":2,\"item\":{\"@type\":\"WebPage\",\"@id\":\"https:\/\/xantala.es\/el-proyecto\/\",\"url\":\"https:\/\/xantala.es\/el-proyecto\/\",\"name\":\"El proyecto\"}},{\"@type\":\"ListItem\",\"position\":3,\"item\":{\"@type\":\"WebPage\",\"@id\":\"https:\/\/xantala.es\/el-proyecto\/espaci-educacion-libre-barcelona\/\",\"url\":\"https:\/\/xantala.es\/el-proyecto\/espaci-educacion-libre-barcelona\/\",\"name\":\"Espacio Matinal\"}}]}]}<\/script>\n<!-- \/ Yoast SEO plugin. -->","_links":{"self":[{"href":"https:\/\/xantala.es\/es\/wp-json\/wp\/v2\/pages\/90"}],"collection":[{"href":"https:\/\/xantala.es\/es\/wp-json\/wp\/v2\/pages"}],"about":[{"href":"https:\/\/xantala.es\/es\/wp-json\/wp\/v2\/types\/page"}],"author":[{"embeddable":true,"href":"https:\/\/xantala.es\/es\/wp-json\/wp\/v2\/users\/1"}],"replies":[{"embeddable":true,"href":"https:\/\/xantala.es\/es\/wp-json\/wp\/v2\/comments?post=90"}],"version-history":[{"count":10,"href":"https:\/\/xantala.es\/es\/wp-json\/wp\/v2\/pages\/90\/revisions"}],"predecessor-version":[{"id":3264,"href":"https:\/\/xantala.es\/es\/wp-json\/wp\/v2\/pages\/90\/revisions\/3264"}],"up":[{"embeddable":true,"href":"https:\/\/xantala.es\/es\/wp-json\/wp\/v2\/pages\/2367"}],"wp:attachment":[{"href":"https:\/\/xantala.es\/es\/wp-json\/wp\/v2\/media?parent=90"}],"curies":[{"name":"wp","href":"https:\/\/api.w.org\/{rel}","templated":true}]}}