{"id":877,"date":"2014-09-11T20:10:55","date_gmt":"2014-09-11T20:10:55","guid":{"rendered":"http:\/\/www.xantala.es\/?page_id=877"},"modified":"2025-09-12T18:32:14","modified_gmt":"2025-09-12T17:32:14","slug":"extraescolares-educacion-libre-poblenou","status":"publish","type":"page","link":"https:\/\/xantala.es\/es\/extraescolares-educacion-libre-poblenou\/","title":{"rendered":"Actividades Extraescolares"},"content":{"rendered":"<p><\/p>\n<div class=\"bg\">\n<div class=\"bg\">\n<h2 class=\"bgmarc\"><strong>Actividades con base en la Educaci\u00f3n Libre para el curso 2025-26<\/strong><\/h2>\n<hr \/>\n<h3><strong><a href=\"https:\/\/xantala.es\/es\/extraescolares-educacion-libre-poblenou\/psicomotricitat-relacional\/\">\ud83e\udd38Psicomotricidad relacional<\/a>\u00a0<\/strong><\/h3>\n<p>Con Sara Gumbau,\u00a0 los mi\u00e9rcoles para ni\u00f1es de 3 a 6 a\u00f1os de 17:15h. a 18:30h.<\/p>\n<p><a href=\"https:\/\/xantala.es\/wp-content\/uploads\/2025\/09\/psico.jpg\"><img decoding=\"async\" class=\"wp-image-3271 size-medium aligncenter\" src=\"https:\/\/xantala.es\/wp-content\/uploads\/2025\/09\/psico-240x300.jpg\" alt=\"\" width=\"240\" height=\"300\" srcset=\"https:\/\/xantala.es\/wp-content\/uploads\/2025\/09\/psico-240x300.jpg 240w, https:\/\/xantala.es\/wp-content\/uploads\/2025\/09\/psico-819x1024.jpg 819w, https:\/\/xantala.es\/wp-content\/uploads\/2025\/09\/psico-768x960.jpg 768w, https:\/\/xantala.es\/wp-content\/uploads\/2025\/09\/psico.jpg 1080w\" sizes=\"(max-width: 240px) 100vw, 240px\" \/><\/a><\/p>\n<\/div>\n<\/div>\n<div><\/div>\n<div><\/div>\n<div>Actividad de movimiento espont\u00e1neo y juego libre en un espacio especialmente preparado para que las criaturas se expresen y se relacionen a trav\u00e9s de su lenguaje primario: el juego. En el juego expresan sus emociones, necesidades, deseos y su autenticidad y luego representan sus vivencias a trav\u00e9s de una propuesta pl\u00e1stica y de construcci\u00f3n.<\/div>\n<div>\n<hr \/>\n<\/div>\n<div class=\"bg\">\n<div class=\"bg\">\n<h3><strong><a href=\"https:\/\/xantala.es\/es\/extraescolares-educacion-libre-poblenou\/juego-motriz-en-familia\/\">\ud83e\udd38Psicomotricidad en familia<\/a><\/strong><\/h3>\n<p>Con Jordi Ramon,\u00a0 lunes para ni\u00f1es 18 mese a 3 a\u00f1os de 16:30h. a 17:30h.<\/p>\n<p style=\"text-align: center;\"><a href=\"https:\/\/xantala.es\/wp-content\/uploads\/2025\/09\/psico-en-familia.jpg\"><img decoding=\"async\" class=\"alignnone wp-image-3267 size-medium\" src=\"https:\/\/xantala.es\/wp-content\/uploads\/2025\/09\/psico-en-familia-240x300.jpg\" alt=\"\" width=\"240\" height=\"300\" srcset=\"https:\/\/xantala.es\/wp-content\/uploads\/2025\/09\/psico-en-familia-240x300.jpg 240w, https:\/\/xantala.es\/wp-content\/uploads\/2025\/09\/psico-en-familia-819x1024.jpg 819w, https:\/\/xantala.es\/wp-content\/uploads\/2025\/09\/psico-en-familia-768x960.jpg 768w, https:\/\/xantala.es\/wp-content\/uploads\/2025\/09\/psico-en-familia.jpg 1080w\" sizes=\"(max-width: 240px) 100vw, 240px\" \/><\/a><\/p>\n<p>&nbsp;<\/p>\n<\/div>\n<p>Un espacio de exploraci\u00f3n y juego espont\u00e1neo en un entorno adecuado y seguro.<br \/>\nUn tiempo relajado de dedicaci\u00f3n, mirada y complicidad, en el que les ni\u00f1es pueden experimentar el placer de sus movimientos y acciones, acompa\u00f1ados de su familia y compartiendo con otros.<br \/>\nLa actividad motriz espont\u00e1nea favorece un desarrollo sano, la coordinaci\u00f3n corporal, la autonom\u00eda, la autoestima, y \u200b\u200bla confianza en s\u00ed mismas y en el entorno.<\/p>\n<div><\/div>\n<div class=\"bg\">\n<div><\/div>\n<p>&nbsp;<\/p>\n<\/div>\n<div class=\"bg\">\n<p><strong>Quiero m\u00e1s informaci\u00f3n sobre vuestras actividades<\/strong><\/p>\n\n<div class=\"wpcf7 no-js\" id=\"wpcf7-f2455-o1\" lang=\"es-ES\" dir=\"ltr\">\n<div class=\"screen-reader-response\"><p role=\"status\" aria-live=\"polite\" aria-atomic=\"true\"><\/p> <ul><\/ul><\/div>\n<form action=\"\/es\/wp-json\/wp\/v2\/pages\/877#wpcf7-f2455-o1\" method=\"post\" class=\"wpcf7-form init\" aria-label=\"Formulario de contacto\" novalidate=\"novalidate\" data-status=\"init\">\n<div style=\"display: none;\">\n<input type=\"hidden\" name=\"_wpcf7\" value=\"2455\" \/>\n<input type=\"hidden\" name=\"_wpcf7_version\" value=\"5.7.7\" \/>\n<input type=\"hidden\" name=\"_wpcf7_locale\" value=\"es_ES\" \/>\n<input type=\"hidden\" name=\"_wpcf7_unit_tag\" value=\"wpcf7-f2455-o1\" \/>\n<input type=\"hidden\" name=\"_wpcf7_container_post\" value=\"0\" \/>\n<input type=\"hidden\" name=\"_wpcf7_posted_data_hash\" value=\"\" \/>\n<\/div>\n<p><label> Tu nombre (obligatori)<br \/>\n<span class=\"wpcf7-form-control-wrap\" data-name=\"your-name\"><input size=\"40\" class=\"wpcf7-form-control wpcf7-text wpcf7-validates-as-required\" aria-required=\"true\" aria-invalid=\"false\" value=\"\" type=\"text\" name=\"your-name\" \/><\/span> <\/label>\n<\/p>\n<p><label> Tu correo electr\u00f3nico (obligatori)<br \/>\n<span class=\"wpcf7-form-control-wrap\" data-name=\"your-email\"><input size=\"40\" class=\"wpcf7-form-control wpcf7-text wpcf7-email wpcf7-validates-as-required wpcf7-validates-as-email\" aria-required=\"true\" aria-invalid=\"false\" value=\"\" type=\"email\" name=\"your-email\" \/><\/span> <\/label>\n<\/p>\n<p><label> Asunto (obligatori)<br \/>\n<span class=\"wpcf7-form-control-wrap\" data-name=\"your-subject\"><input size=\"40\" class=\"wpcf7-form-control wpcf7-text wpcf7-validates-as-required\" aria-required=\"true\" aria-invalid=\"false\" value=\"\" type=\"text\" name=\"your-subject\" \/><\/span> <\/label>\n<\/p>\n<p><label> Tu mensaje (opcional)<br \/>\n<span class=\"wpcf7-form-control-wrap\" data-name=\"your-message\"><textarea cols=\"40\" rows=\"10\" class=\"wpcf7-form-control wpcf7-textarea\" aria-invalid=\"false\" name=\"your-message\"><\/textarea><\/span> <\/label>\n<\/p>\n<p><input class=\"wpcf7-form-control has-spinner wpcf7-submit\" type=\"submit\" value=\"Enviar\" \/>\n<\/p><div class=\"wpcf7-response-output\" aria-hidden=\"true\"><\/div>\n<\/form>\n<\/div>\n\n<\/div>\n<\/div>\n<p><\/p>\n<div class=\"bg\">\n<div class=\"bg\">\n<h2 class=\"bgmarc\"><strong>Actividades con base en la Educaci\u00f3n Libre para el curso 2025-26<\/strong><\/h2>\n<hr \/>\n<h3><strong><a href=\"https:\/\/xantala.es\/es\/extraescolares-educacion-libre-poblenou\/psicomotricitat-relacional\/\">\ud83e\udd38Psicomotricidad relacional<\/a>\u00a0<\/strong><\/h3>\n<p>Con Sara Gumbau,\u00a0 los mi\u00e9rcoles para ni\u00f1es de 3 a 6 a\u00f1os de 17:15h. a 18:30h.<\/p>\n<p><a href=\"https:\/\/xantala.es\/wp-content\/uploads\/2025\/09\/psico.jpg\"><img decoding=\"async\" class=\"wp-image-3271 size-medium aligncenter\" src=\"https:\/\/xantala.es\/wp-content\/uploads\/2025\/09\/psico-240x300.jpg\" alt=\"\" width=\"240\" height=\"300\" srcset=\"https:\/\/xantala.es\/wp-content\/uploads\/2025\/09\/psico-240x300.jpg 240w, https:\/\/xantala.es\/wp-content\/uploads\/2025\/09\/psico-819x1024.jpg 819w, https:\/\/xantala.es\/wp-content\/uploads\/2025\/09\/psico-768x960.jpg 768w, https:\/\/xantala.es\/wp-content\/uploads\/2025\/09\/psico.jpg 1080w\" sizes=\"(max-width: 240px) 100vw, 240px\" \/><\/a><\/p>\n<\/div>\n<\/div>\n<div><\/div>\n<div><\/div>\n<div>Actividad de movimiento espont\u00e1neo y juego libre en un espacio especialmente preparado para que las criaturas se expresen y se relacionen a trav\u00e9s de su lenguaje primario: el juego. En el juego expresan sus emociones, necesidades, deseos y su autenticidad y luego representan sus vivencias a trav\u00e9s de una propuesta pl\u00e1stica y de construcci\u00f3n.<\/div>\n<div>\n<hr \/>\n<\/div>\n<div class=\"bg\">\n<div class=\"bg\">\n<h3><strong><a href=\"https:\/\/xantala.es\/es\/extraescolares-educacion-libre-poblenou\/juego-motriz-en-familia\/\">\ud83e\udd38Psicomotricidad en familia<\/a><\/strong><\/h3>\n<p>Con Jordi Ramon,\u00a0 lunes para ni\u00f1es 18 mese a 3 a\u00f1os de 16:30h. a 17:30h.<\/p>\n<p style=\"text-align: center;\"><a href=\"https:\/\/xantala.es\/wp-content\/uploads\/2025\/09\/psico-en-familia.jpg\"><img decoding=\"async\" class=\"alignnone wp-image-3267 size-medium\" src=\"https:\/\/xantala.es\/wp-content\/uploads\/2025\/09\/psico-en-familia-240x300.jpg\" alt=\"\" width=\"240\" height=\"300\" srcset=\"https:\/\/xantala.es\/wp-content\/uploads\/2025\/09\/psico-en-familia-240x300.jpg 240w, https:\/\/xantala.es\/wp-content\/uploads\/2025\/09\/psico-en-familia-819x1024.jpg 819w, https:\/\/xantala.es\/wp-content\/uploads\/2025\/09\/psico-en-familia-768x960.jpg 768w, https:\/\/xantala.es\/wp-content\/uploads\/2025\/09\/psico-en-familia.jpg 1080w\" sizes=\"(max-width: 240px) 100vw, 240px\" \/><\/a><\/p>\n<p>&nbsp;<\/p>\n<\/div>\n<p>Un espacio de exploraci\u00f3n y juego espont\u00e1neo en un entorno adecuado y seguro.<br \/>\nUn tiempo relajado de dedicaci\u00f3n, mirada y complicidad, en el que les ni\u00f1es pueden experimentar el placer de sus movimientos y acciones, acompa\u00f1ados de su familia y compartiendo con otros.<br \/>\nLa actividad motriz espont\u00e1nea favorece un desarrollo sano, la coordinaci\u00f3n corporal, la autonom\u00eda, la autoestima, y \u200b\u200bla confianza en s\u00ed mismas y en el entorno.<\/p>\n<\/div>\n<h3><strong>\ud83e\uddd8\u200d\u2642\ufe0fYoga para ni\u00f1es<\/strong><\/h3>\n<p>Con Agostina,\u00a0 Martes para ni\u00f1es 3\u00a0 a 6 a\u00f1os de 16:15h. a 18h.<\/p>\n<p style=\"text-align: center;\"><img decoding=\"async\" class=\"alignnone size-medium wp-image-3280\" src=\"https:\/\/xantala.es\/wp-content\/uploads\/2025\/09\/yoga-nines-300x300.jpg\" alt=\"\" width=\"300\" height=\"300\" srcset=\"https:\/\/xantala.es\/wp-content\/uploads\/2025\/09\/yoga-nines-300x300.jpg 300w, https:\/\/xantala.es\/wp-content\/uploads\/2025\/09\/yoga-nines-1024x1024.jpg 1024w, https:\/\/xantala.es\/wp-content\/uploads\/2025\/09\/yoga-nines-150x150.jpg 150w, https:\/\/xantala.es\/wp-content\/uploads\/2025\/09\/yoga-nines-768x768.jpg 768w, https:\/\/xantala.es\/wp-content\/uploads\/2025\/09\/yoga-nines-100x100.jpg 100w, https:\/\/xantala.es\/wp-content\/uploads\/2025\/09\/yoga-nines.jpg 1080w\" sizes=\"(max-width: 300px) 100vw, 300px\" \/><\/p>\n<p>\u00a1Hola familias! Bienvenidxs a esta propuesta semanal de Yoga y juego som\u00e1tico para infancias de 3 a 6 a\u00f1os en mi amada Xantala. Mi misi\u00f3n es introducir los beneficios de la pr\u00e1ctica del Yoga jugando con otrxs en una atm\u00f3sfera sattvica. Combinaremos movimiento y quietud, respiraci\u00f3n y relajaci\u00f3n conscientes, desarrollando fuerza, flexibilidad y equilibrio. Todo esto en un marco amoroso, de respeto y contenci\u00f3n emocional.<\/p>\n<p>\ud83e\ude77Asanas (posturas)<br \/>\n\u2764Mantras<br \/>\n\ud83e\udde1Cuentos budistas<br \/>\n\ud83d\udc9bJuegos sobre reconocimiento y gesti\u00f3n emocional<br \/>\n\ud83d\udc9aBa\u00f1os sonoros<br \/>\n\ud83e\ude75Acroyoga<br \/>\n\ud83d\udc99Masajes grupales y automasajes<br \/>\n\ud83d\udc9cRelajaciones guiadas<br \/>\n\ud83e\udd0dRespiraciones guiadas<br \/>\nY m\u00e1s!<\/p>\n<div class=\"bg\">\n<div><\/div>\n<div class=\"bg\">\n<div><\/div>\n<p>&nbsp;<\/p>\n<\/div>\n<div class=\"bg\">\n<p><strong>Quiero m\u00e1s informaci\u00f3n sobre vuestras actividades<\/strong><\/p>\n\n<div class=\"wpcf7 no-js\" id=\"wpcf7-f2455-o2\" lang=\"es-ES\" dir=\"ltr\">\n<div class=\"screen-reader-response\"><p role=\"status\" aria-live=\"polite\" aria-atomic=\"true\"><\/p> <ul><\/ul><\/div>\n<form action=\"\/es\/wp-json\/wp\/v2\/pages\/877#wpcf7-f2455-o2\" method=\"post\" class=\"wpcf7-form init\" aria-label=\"Formulario de contacto\" novalidate=\"novalidate\" data-status=\"init\">\n<div style=\"display: none;\">\n<input type=\"hidden\" name=\"_wpcf7\" value=\"2455\" \/>\n<input type=\"hidden\" name=\"_wpcf7_version\" value=\"5.7.7\" \/>\n<input type=\"hidden\" name=\"_wpcf7_locale\" value=\"es_ES\" \/>\n<input type=\"hidden\" name=\"_wpcf7_unit_tag\" value=\"wpcf7-f2455-o2\" \/>\n<input type=\"hidden\" name=\"_wpcf7_container_post\" value=\"0\" \/>\n<input type=\"hidden\" name=\"_wpcf7_posted_data_hash\" value=\"\" \/>\n<\/div>\n<p><label> Tu nombre (obligatori)<br \/>\n<span class=\"wpcf7-form-control-wrap\" data-name=\"your-name\"><input size=\"40\" class=\"wpcf7-form-control wpcf7-text wpcf7-validates-as-required\" aria-required=\"true\" aria-invalid=\"false\" value=\"\" type=\"text\" name=\"your-name\" \/><\/span> <\/label>\n<\/p>\n<p><label> Tu correo electr\u00f3nico (obligatori)<br \/>\n<span class=\"wpcf7-form-control-wrap\" data-name=\"your-email\"><input size=\"40\" class=\"wpcf7-form-control wpcf7-text wpcf7-email wpcf7-validates-as-required wpcf7-validates-as-email\" aria-required=\"true\" aria-invalid=\"false\" value=\"\" type=\"email\" name=\"your-email\" \/><\/span> <\/label>\n<\/p>\n<p><label> Asunto (obligatori)<br \/>\n<span class=\"wpcf7-form-control-wrap\" data-name=\"your-subject\"><input size=\"40\" class=\"wpcf7-form-control wpcf7-text wpcf7-validates-as-required\" aria-required=\"true\" aria-invalid=\"false\" value=\"\" type=\"text\" name=\"your-subject\" \/><\/span> <\/label>\n<\/p>\n<p><label> Tu mensaje (opcional)<br \/>\n<span class=\"wpcf7-form-control-wrap\" data-name=\"your-message\"><textarea cols=\"40\" rows=\"10\" class=\"wpcf7-form-control wpcf7-textarea\" aria-invalid=\"false\" name=\"your-message\"><\/textarea><\/span> <\/label>\n<\/p>\n<p><input class=\"wpcf7-form-control has-spinner wpcf7-submit\" type=\"submit\" value=\"Enviar\" \/>\n<\/p><div class=\"wpcf7-response-output\" aria-hidden=\"true\"><\/div>\n<\/form>\n<\/div>\n\n<\/div>\n<\/div>\n<p><\/p>","protected":false},"excerpt":{"rendered":"<p>Actividades con base en la Educaci\u00f3n Libre para el curso 2025-26 \ud83e\udd38Psicomotricidad relacional\u00a0 Con Sara Gumbau,\u00a0 los mi\u00e9rcoles para ni\u00f1es de 3 a 6 a\u00f1os de 17:15h. a 18:30h. Actividad de movimiento espont\u00e1neo y juego libre en un espacio especialmente preparado para que las criaturas se expresen y se relacionen a trav\u00e9s de su lenguaje &hellip; <\/p>\n<p class=\"link-more\"><a href=\"https:\/\/xantala.es\/es\/extraescolares-educacion-libre-poblenou\/\" class=\"more-link\">Continuar leyendo<span class=\"screen-reader-text\"> \u00abActividades Extraescolares\u00bb<\/span><\/a><\/p>\n","protected":false},"author":1,"featured_media":2596,"parent":0,"menu_order":0,"comment_status":"open","ping_status":"open","template":"","meta":{"footnotes":""},"yoast_head":"<!-- This site is optimized with the Yoast SEO plugin v15.9.1 - https:\/\/yoast.com\/wordpress\/plugins\/seo\/ -->\n<title>Actividades Extraescolares de Educaci\u00f3n Libre Poblenou | Xantala<\/title>\n<meta name=\"description\" content=\"Ofrecemos actividades basadas en la pedagog\u00eda de educaci\u00f3n libre: danza y movimiento creativo, psicomotricidad, juego respetuoso en ingl\u00e9s.\" \/>\n<link rel=\"canonical\" href=\"https:\/\/xantala.es\/extraescolares-educacion-libre-poblenou\/\" \/>\n<meta property=\"og:locale\" content=\"es_ES\" \/>\n<meta property=\"og:type\" content=\"article\" \/>\n<meta property=\"og:title\" content=\"Actividades Extraescolares de Educaci\u00f3n Libre Poblenou | Xantala\" \/>\n<meta property=\"og:description\" content=\"Ofrecemos actividades basadas en la pedagog\u00eda de educaci\u00f3n libre: danza y movimiento creativo, psicomotricidad, juego respetuoso en ingl\u00e9s.\" \/>\n<meta property=\"og:url\" content=\"https:\/\/xantala.es\/extraescolares-educacion-libre-poblenou\/\" \/>\n<meta property=\"article:modified_time\" content=\"2025-09-12T17:32:14+00:00\" \/>\n<meta property=\"og:image\" content=\"https:\/\/xantala.es\/wp-content\/uploads\/2021\/03\/educacion-libre-xantala-actividades-extraescolares.jpg\" \/>\n\t<meta property=\"og:image:width\" content=\"550\" \/>\n\t<meta property=\"og:image:height\" content=\"367\" \/>\n<meta name=\"twitter:card\" content=\"summary_large_image\" \/>\n<meta name=\"twitter:label1\" content=\"Tiempo de lectura\">\n\t<meta name=\"twitter:data1\" content=\"4 minutos\">\n<script type=\"application\/ld+json\" class=\"yoast-schema-graph\">{\"@context\":\"https:\/\/schema.org\",\"@graph\":[{\"@type\":\"WebSite\",\"@id\":\"https:\/\/xantala.es\/#website\",\"url\":\"https:\/\/xantala.es\/\",\"name\":\"\",\"description\":\"\",\"potentialAction\":[{\"@type\":\"SearchAction\",\"target\":\"https:\/\/xantala.es\/?s={search_term_string}\",\"query-input\":\"required name=search_term_string\"}],\"inLanguage\":\"es\"},{\"@type\":\"ImageObject\",\"@id\":\"https:\/\/xantala.es\/extraescolares-educacion-libre-poblenou\/#primaryimage\",\"inLanguage\":\"es\",\"url\":\"https:\/\/xantala.es\/wp-content\/uploads\/2021\/03\/educacion-libre-xantala-actividades-extraescolares.jpg\",\"width\":550,\"height\":367,\"caption\":\"educaci\\u00f3n libre xantala actividades extraescolares\"},{\"@type\":\"WebPage\",\"@id\":\"https:\/\/xantala.es\/extraescolares-educacion-libre-poblenou\/#webpage\",\"url\":\"https:\/\/xantala.es\/extraescolares-educacion-libre-poblenou\/\",\"name\":\"Actividades Extraescolares de Educaci\\u00f3n Libre Poblenou | Xantala\",\"isPartOf\":{\"@id\":\"https:\/\/xantala.es\/#website\"},\"primaryImageOfPage\":{\"@id\":\"https:\/\/xantala.es\/extraescolares-educacion-libre-poblenou\/#primaryimage\"},\"datePublished\":\"2014-09-11T20:10:55+00:00\",\"dateModified\":\"2025-09-12T17:32:14+00:00\",\"description\":\"Ofrecemos actividades basadas en la pedagog\\u00eda de educaci\\u00f3n libre: danza y movimiento creativo, psicomotricidad, juego respetuoso en ingl\\u00e9s.\",\"breadcrumb\":{\"@id\":\"https:\/\/xantala.es\/extraescolares-educacion-libre-poblenou\/#breadcrumb\"},\"inLanguage\":\"es\",\"potentialAction\":[{\"@type\":\"ReadAction\",\"target\":[\"https:\/\/xantala.es\/extraescolares-educacion-libre-poblenou\/\"]}]},{\"@type\":\"BreadcrumbList\",\"@id\":\"https:\/\/xantala.es\/extraescolares-educacion-libre-poblenou\/#breadcrumb\",\"itemListElement\":[{\"@type\":\"ListItem\",\"position\":1,\"item\":{\"@type\":\"WebPage\",\"@id\":\"https:\/\/xantala.es\/\",\"url\":\"https:\/\/xantala.es\/\",\"name\":\"Inici\"}},{\"@type\":\"ListItem\",\"position\":2,\"item\":{\"@type\":\"WebPage\",\"@id\":\"https:\/\/xantala.es\/extraescolares-educacion-libre-poblenou\/\",\"url\":\"https:\/\/xantala.es\/extraescolares-educacion-libre-poblenou\/\",\"name\":\"Actividades Extraescolares\"}}]}]}<\/script>\n<!-- \/ Yoast SEO plugin. -->","_links":{"self":[{"href":"https:\/\/xantala.es\/es\/wp-json\/wp\/v2\/pages\/877"}],"collection":[{"href":"https:\/\/xantala.es\/es\/wp-json\/wp\/v2\/pages"}],"about":[{"href":"https:\/\/xantala.es\/es\/wp-json\/wp\/v2\/types\/page"}],"author":[{"embeddable":true,"href":"https:\/\/xantala.es\/es\/wp-json\/wp\/v2\/users\/1"}],"replies":[{"embeddable":true,"href":"https:\/\/xantala.es\/es\/wp-json\/wp\/v2\/comments?post=877"}],"version-history":[{"count":117,"href":"https:\/\/xantala.es\/es\/wp-json\/wp\/v2\/pages\/877\/revisions"}],"predecessor-version":[{"id":3281,"href":"https:\/\/xantala.es\/es\/wp-json\/wp\/v2\/pages\/877\/revisions\/3281"}],"wp:featuredmedia":[{"embeddable":true,"href":"https:\/\/xantala.es\/es\/wp-json\/wp\/v2\/media\/2596"}],"wp:attachment":[{"href":"https:\/\/xantala.es\/es\/wp-json\/wp\/v2\/media?parent=877"}],"curies":[{"name":"wp","href":"https:\/\/api.w.org\/{rel}","templated":true}]}}