{"id":78,"date":"2012-11-03T23:52:18","date_gmt":"2012-11-03T23:52:18","guid":{"rendered":"http:\/\/estrategiasenlared.com\/xantalaweb\/?page_id=78"},"modified":"2025-09-12T17:55:45","modified_gmt":"2025-09-12T16:55:45","slug":"grupo-de-crianza-barcelona","status":"publish","type":"page","link":"https:\/\/xantala.es\/es\/grupo-de-crianza-barcelona\/","title":{"rendered":"Grupo de crianza 2025-26"},"content":{"rendered":"<p><\/p>\n<blockquote><p><strong>Grupo de crianza<\/strong><\/p>\n<p>Un espacio de encuentro para aquellas familias que desean compartir sus experiencias, sus frustraciones y sus alegr\u00edas sinti\u00e9ndose escuchadas y no juzgadas.<\/p><\/blockquote>\n<p><a href=\"http:\/\/www.xantala.es\/wp-content\/uploads\/2012\/11\/Jordi-Esther-rond1.jpg\"><img decoding=\"async\" class=\"aligncenter wp-image-1099\" title=\"grupo de crianza barcelona\" src=\"http:\/\/www.xantala.es\/wp-content\/uploads\/2012\/11\/Jordi-Esther-rond1.jpg\" alt=\"grupo de crianza barcelona\" width=\"248\" height=\"251\" srcset=\"https:\/\/xantala.es\/wp-content\/uploads\/2012\/11\/Jordi-Esther-rond1.jpg 591w, https:\/\/xantala.es\/wp-content\/uploads\/2012\/11\/Jordi-Esther-rond1-296x300.jpg 296w\" sizes=\"(max-width: 248px) 100vw, 248px\" \/><\/a><\/p>\n<h6 style=\"text-align: center;\">Foto: Ima Garmendia<\/h6>\n<p>&nbsp;<\/p>\n<p>Nuestro grupo de crianza es un espacio para familias que quieren poner en com\u00fan con otras familias su d\u00eda a d\u00eda durante el embarazo, el nacimiento de su hijx y su desarrollo desde la gestaci\u00f3n hasta los dos primeros a\u00f1os de vida.<\/p>\n<p>Un espacio para personas que quieren expresarse de manera libre teniendo una mirada amorosa y respetuosa hacia sus hijxs.<\/p>\n<p>Un espacio de crianza en Barcelona con frecuencia mensual para familias que tambi\u00e9n quieren ver, escuchar y aprender para crecer juntos.<\/p>\n<p>&nbsp;<\/p>\n<p style=\"text-align: center;\"><a href=\"https:\/\/xantala.es\/wp-content\/uploads\/2025\/09\/crianza-intsagram.jpg\"><img decoding=\"async\" class=\"alignnone size-medium wp-image-3273\" src=\"https:\/\/xantala.es\/wp-content\/uploads\/2025\/09\/crianza-intsagram-240x300.jpg\" alt=\"\" width=\"240\" height=\"300\" srcset=\"https:\/\/xantala.es\/wp-content\/uploads\/2025\/09\/crianza-intsagram-240x300.jpg 240w, https:\/\/xantala.es\/wp-content\/uploads\/2025\/09\/crianza-intsagram-819x1024.jpg 819w, https:\/\/xantala.es\/wp-content\/uploads\/2025\/09\/crianza-intsagram-768x960.jpg 768w, https:\/\/xantala.es\/wp-content\/uploads\/2025\/09\/crianza-intsagram.jpg 1080w\" sizes=\"(max-width: 240px) 100vw, 240px\" \/><\/a><\/p>\n<p>&nbsp;<\/p>\n<p>&nbsp;<\/p>\n<p><strong>Horario: 10:30h a 12:30h<\/strong><\/p>\n<p><b>Cu\u00e1ndo:\u00a0 Un s\u00e1bado al mes, 25 de octubre &#8211; 29 de noviembre &#8211; 13 de diciembre.<\/b><\/p>\n<p><span style=\"color: #ff0000;\"><strong style=\"color: #333333;\">Actividad GRATUITA, es necesario confirmar asistencia a info@xantala.es<\/strong><\/span><\/p>","protected":false},"excerpt":{"rendered":"<p>Grupo de crianza Un espacio de encuentro para aquellas familias que desean compartir sus experiencias, sus frustraciones y sus alegr\u00edas sinti\u00e9ndose escuchadas y no juzgadas. Foto: Ima Garmendia &nbsp; Nuestro grupo de crianza es un espacio para familias que quieren poner en com\u00fan con otras familias su d\u00eda a d\u00eda durante el embarazo, el nacimiento &hellip; <\/p>\n<p class=\"link-more\"><a href=\"https:\/\/xantala.es\/es\/grupo-de-crianza-barcelona\/\" class=\"more-link\">Continuar leyendo<span class=\"screen-reader-text\"> \u00abGrupo de crianza 2025-26\u00bb<\/span><\/a><\/p>\n","protected":false},"author":1,"featured_media":0,"parent":0,"menu_order":0,"comment_status":"closed","ping_status":"closed","template":"","meta":{"footnotes":""},"yoast_head":"<!-- This site is optimized with the Yoast SEO plugin v15.9.1 - https:\/\/yoast.com\/wordpress\/plugins\/seo\/ -->\n<title>Grupo de crianza en Poblenou, Barcelona |Xantala<\/title>\n<meta name=\"description\" content=\"Grupo de crianza en el barrio del Poblenou en Barcelona, un espacio de encuentro para aquellas familias que desean compartir sus experiencias.\" \/>\n<link rel=\"canonical\" href=\"https:\/\/xantala.es\/grupo-de-crianza-barcelona\/\" \/>\n<meta property=\"og:locale\" content=\"es_ES\" \/>\n<meta property=\"og:type\" content=\"article\" \/>\n<meta property=\"og:title\" content=\"Grupo de crianza en Poblenou, Barcelona |Xantala\" \/>\n<meta property=\"og:description\" content=\"Grupo de crianza en el barrio del Poblenou en Barcelona, un espacio de encuentro para aquellas familias que desean compartir sus experiencias.\" \/>\n<meta property=\"og:url\" content=\"https:\/\/xantala.es\/grupo-de-crianza-barcelona\/\" \/>\n<meta property=\"article:modified_time\" content=\"2025-09-12T16:55:45+00:00\" \/>\n<meta property=\"og:image\" content=\"http:\/\/www.xantala.es\/wp-content\/uploads\/2012\/11\/Jordi-Esther-rond1.jpg\" \/>\n<meta name=\"twitter:card\" content=\"summary_large_image\" \/>\n<meta name=\"twitter:label1\" content=\"Tiempo de lectura\">\n\t<meta name=\"twitter:data1\" content=\"1 minuto\">\n<script type=\"application\/ld+json\" class=\"yoast-schema-graph\">{\"@context\":\"https:\/\/schema.org\",\"@graph\":[{\"@type\":\"WebSite\",\"@id\":\"https:\/\/xantala.es\/#website\",\"url\":\"https:\/\/xantala.es\/\",\"name\":\"\",\"description\":\"\",\"potentialAction\":[{\"@type\":\"SearchAction\",\"target\":\"https:\/\/xantala.es\/?s={search_term_string}\",\"query-input\":\"required name=search_term_string\"}],\"inLanguage\":\"es\"},{\"@type\":\"ImageObject\",\"@id\":\"https:\/\/xantala.es\/grupo-de-crianza-barcelona\/#primaryimage\",\"inLanguage\":\"es\",\"url\":\"http:\/\/www.xantala.es\/wp-content\/uploads\/2012\/11\/Jordi-Esther-rond1.jpg\"},{\"@type\":\"WebPage\",\"@id\":\"https:\/\/xantala.es\/grupo-de-crianza-barcelona\/#webpage\",\"url\":\"https:\/\/xantala.es\/grupo-de-crianza-barcelona\/\",\"name\":\"Grupo de crianza en Poblenou, Barcelona |Xantala\",\"isPartOf\":{\"@id\":\"https:\/\/xantala.es\/#website\"},\"primaryImageOfPage\":{\"@id\":\"https:\/\/xantala.es\/grupo-de-crianza-barcelona\/#primaryimage\"},\"datePublished\":\"2012-11-03T23:52:18+00:00\",\"dateModified\":\"2025-09-12T16:55:45+00:00\",\"description\":\"Grupo de crianza en el barrio del Poblenou en Barcelona, un espacio de encuentro para aquellas familias que desean compartir sus experiencias.\",\"breadcrumb\":{\"@id\":\"https:\/\/xantala.es\/grupo-de-crianza-barcelona\/#breadcrumb\"},\"inLanguage\":\"es\",\"potentialAction\":[{\"@type\":\"ReadAction\",\"target\":[\"https:\/\/xantala.es\/grupo-de-crianza-barcelona\/\"]}]},{\"@type\":\"BreadcrumbList\",\"@id\":\"https:\/\/xantala.es\/grupo-de-crianza-barcelona\/#breadcrumb\",\"itemListElement\":[{\"@type\":\"ListItem\",\"position\":1,\"item\":{\"@type\":\"WebPage\",\"@id\":\"https:\/\/xantala.es\/\",\"url\":\"https:\/\/xantala.es\/\",\"name\":\"Inici\"}},{\"@type\":\"ListItem\",\"position\":2,\"item\":{\"@type\":\"WebPage\",\"@id\":\"https:\/\/xantala.es\/grupo-de-crianza-barcelona\/\",\"url\":\"https:\/\/xantala.es\/grupo-de-crianza-barcelona\/\",\"name\":\"Grupo de crianza 2025-26\"}}]}]}<\/script>\n<!-- \/ Yoast SEO plugin. -->","_links":{"self":[{"href":"https:\/\/xantala.es\/es\/wp-json\/wp\/v2\/pages\/78"}],"collection":[{"href":"https:\/\/xantala.es\/es\/wp-json\/wp\/v2\/pages"}],"about":[{"href":"https:\/\/xantala.es\/es\/wp-json\/wp\/v2\/types\/page"}],"author":[{"embeddable":true,"href":"https:\/\/xantala.es\/es\/wp-json\/wp\/v2\/users\/1"}],"replies":[{"embeddable":true,"href":"https:\/\/xantala.es\/es\/wp-json\/wp\/v2\/comments?post=78"}],"version-history":[{"count":34,"href":"https:\/\/xantala.es\/es\/wp-json\/wp\/v2\/pages\/78\/revisions"}],"predecessor-version":[{"id":3274,"href":"https:\/\/xantala.es\/es\/wp-json\/wp\/v2\/pages\/78\/revisions\/3274"}],"wp:attachment":[{"href":"https:\/\/xantala.es\/es\/wp-json\/wp\/v2\/media?parent=78"}],"curies":[{"name":"wp","href":"https:\/\/api.w.org\/{rel}","templated":true}]}}