{"id":3144,"date":"2024-05-09T10:34:58","date_gmt":"2024-05-09T09:34:58","guid":{"rendered":"https:\/\/xantala.es\/?page_id=3144"},"modified":"2024-05-09T10:35:10","modified_gmt":"2024-05-09T09:35:10","slug":"casal-de-verano-2024","status":"publish","type":"page","link":"https:\/\/xantala.es\/es\/casal-de-verano-2024\/","title":{"rendered":"CASAL DE VERANO 2024"},"content":{"rendered":"<p><a href=\"https:\/\/xantala.es\/wp-content\/uploads\/2024\/05\/Csal-de-navidad-3.jpg\"><img decoding=\"async\" class=\"size-medium wp-image-3145 aligncenter\" src=\"https:\/\/xantala.es\/wp-content\/uploads\/2024\/05\/Csal-de-navidad-3-300x300.jpg\" alt=\"\" width=\"300\" height=\"300\" srcset=\"https:\/\/xantala.es\/wp-content\/uploads\/2024\/05\/Csal-de-navidad-3-300x300.jpg 300w, https:\/\/xantala.es\/wp-content\/uploads\/2024\/05\/Csal-de-navidad-3-1024x1024.jpg 1024w, https:\/\/xantala.es\/wp-content\/uploads\/2024\/05\/Csal-de-navidad-3-150x150.jpg 150w, https:\/\/xantala.es\/wp-content\/uploads\/2024\/05\/Csal-de-navidad-3-768x768.jpg 768w, https:\/\/xantala.es\/wp-content\/uploads\/2024\/05\/Csal-de-navidad-3-100x100.jpg 100w, https:\/\/xantala.es\/wp-content\/uploads\/2024\/05\/Csal-de-navidad-3.jpg 1080w\" sizes=\"(max-width: 300px) 100vw, 300px\" \/><\/a><\/p>\n<p>\ud83c\udf08Queridas familias,<br \/>\nEl verano ya esta cerca y desde Xantala os queremos informar de nuestro <strong>CASAL DE VERANO.<\/strong><\/p>\n<p>\ud83e\udd39Un espacio l\u00fadico para ni\u00f1xs de 3 a 8 a\u00f1os, adaptado al momento madurativo del ni\u00f1x, basado en los ritmos de autorregulaci\u00f3n, la educaci\u00f3n libre, el juego y la expresi\u00f3n creativa.<\/p>\n<p>\ud83c\udf1f <strong>INFORMACI\u00d3N PR\u00c1CTICA<\/strong><br \/>\n\ud83d\udcc6 del 25 de junio al 31 de julio.<br \/>\n\u23f0 De 9h a 15h de lunes a viernes.<br \/>\n\ud83e\udd57 La comida ser\u00e1 de fiambrera de lunes a viernes.<br \/>\n\ud83d\udc6bAcompa\u00f1antes y ratio: Depende de las franjas mayoritarias de edad la ratio puede oscilar entre 1 educador por 7 criaturas o 1 educador por 8 criaturas.<\/p>\n<p><strong>Precio:<\/strong><br \/>\n115\u20ac\/semana (23\u20ac\/d\u00eda) 1 ninx<br \/>\n210\u20ac\/semana (42\u20ac\/d\u00eda) 2 hermano<\/p>\n<p><strong>Reserva e inscripci\u00f3n:<\/strong> https:\/\/docs.google.com\/forms\/d\/1dniogGxfAuWQ-PRUfzUc7CtwFXO3s4cm3Mh3FqH5pUU<\/p>\n<p><strong>M\u00e1s informaci\u00f3n:<\/strong><\/p>\n<p>\ud83d\udce8info@xantala.es<br \/>\n\ud83d\udcf1 664 580 347<\/p>","protected":false},"excerpt":{"rendered":"<p>\ud83c\udf08Queridas familias, El verano ya esta cerca y desde Xantala os queremos informar de nuestro CASAL DE VERANO. \ud83e\udd39Un espacio l\u00fadico para ni\u00f1xs de 3 a 8 a\u00f1os, adaptado al momento madurativo del ni\u00f1x, basado en los ritmos de autorregulaci\u00f3n, la educaci\u00f3n libre, el juego y la expresi\u00f3n creativa. \ud83c\udf1f INFORMACI\u00d3N PR\u00c1CTICA \ud83d\udcc6 del 25 &hellip; <\/p>\n<p class=\"link-more\"><a href=\"https:\/\/xantala.es\/es\/casal-de-verano-2024\/\" class=\"more-link\">Continuar leyendo<span class=\"screen-reader-text\"> \u00abCASAL DE VERANO 2024\u00bb<\/span><\/a><\/p>\n","protected":false},"author":2,"featured_media":0,"parent":0,"menu_order":0,"comment_status":"closed","ping_status":"closed","template":"","meta":{"footnotes":""},"yoast_head":"<!-- This site is optimized with the Yoast SEO plugin v15.9.1 - https:\/\/yoast.com\/wordpress\/plugins\/seo\/ -->\n<title>CASAL DE VERANO 2024 -<\/title>\n<link rel=\"canonical\" href=\"https:\/\/xantala.es\/casal-de-verano-2024\/\" \/>\n<meta property=\"og:locale\" content=\"es_ES\" \/>\n<meta property=\"og:type\" content=\"article\" \/>\n<meta property=\"og:title\" content=\"[:es]CASAL DE VERANO 2024[:ca]CASAL D&#039;ESTIU 2024[:] -\" \/>\n<meta property=\"og:description\" content=\"\ud83c\udf08Queridas familias, El verano ya esta cerca y desde Xantala os queremos informar de nuestro CASAL DE VERANO. \ud83e\udd39Un espacio l\u00fadico para ni\u00f1xs de 3 a 8 a\u00f1os, adaptado al momento madurativo del ni\u00f1x, basado en los ritmos de autorregulaci\u00f3n, la educaci\u00f3n libre, el juego y la expresi\u00f3n creativa. \ud83c\udf1f INFORMACI\u00d3N PR\u00c1CTICA \ud83d\udcc6 del 25 &hellip; Continuar leyendo &quot;CASAL DE VERANO 2024&quot;\" \/>\n<meta property=\"og:url\" content=\"https:\/\/xantala.es\/casal-de-verano-2024\/\" \/>\n<meta property=\"article:modified_time\" content=\"2024-05-09T09:35:10+00:00\" \/>\n<meta property=\"og:image\" content=\"https:\/\/xantala.es\/wp-content\/uploads\/2024\/05\/Csal-de-navidad-3-300x300.jpg\" \/>\n<meta name=\"twitter:card\" content=\"summary_large_image\" \/>\n<meta name=\"twitter:label1\" content=\"Tiempo de lectura\">\n\t<meta name=\"twitter:data1\" content=\"1 minuto\">\n<script type=\"application\/ld+json\" class=\"yoast-schema-graph\">{\"@context\":\"https:\/\/schema.org\",\"@graph\":[{\"@type\":\"WebSite\",\"@id\":\"https:\/\/xantala.es\/#website\",\"url\":\"https:\/\/xantala.es\/\",\"name\":\"\",\"description\":\"\",\"potentialAction\":[{\"@type\":\"SearchAction\",\"target\":\"https:\/\/xantala.es\/?s={search_term_string}\",\"query-input\":\"required name=search_term_string\"}],\"inLanguage\":\"es\"},{\"@type\":\"ImageObject\",\"@id\":\"https:\/\/xantala.es\/casal-de-verano-2024\/#primaryimage\",\"inLanguage\":\"es\",\"url\":\"https:\/\/xantala.es\/wp-content\/uploads\/2024\/05\/Csal-de-navidad-3.jpg\",\"width\":1080,\"height\":1080},{\"@type\":\"WebPage\",\"@id\":\"https:\/\/xantala.es\/casal-de-verano-2024\/#webpage\",\"url\":\"https:\/\/xantala.es\/casal-de-verano-2024\/\",\"name\":\"[:es]CASAL DE VERANO 2024[:ca]CASAL D'ESTIU 2024[:] -\",\"isPartOf\":{\"@id\":\"https:\/\/xantala.es\/#website\"},\"primaryImageOfPage\":{\"@id\":\"https:\/\/xantala.es\/casal-de-verano-2024\/#primaryimage\"},\"datePublished\":\"2024-05-09T09:34:58+00:00\",\"dateModified\":\"2024-05-09T09:35:10+00:00\",\"breadcrumb\":{\"@id\":\"https:\/\/xantala.es\/casal-de-verano-2024\/#breadcrumb\"},\"inLanguage\":\"es\",\"potentialAction\":[{\"@type\":\"ReadAction\",\"target\":[\"https:\/\/xantala.es\/casal-de-verano-2024\/\"]}]},{\"@type\":\"BreadcrumbList\",\"@id\":\"https:\/\/xantala.es\/casal-de-verano-2024\/#breadcrumb\",\"itemListElement\":[{\"@type\":\"ListItem\",\"position\":1,\"item\":{\"@type\":\"WebPage\",\"@id\":\"https:\/\/xantala.es\/\",\"url\":\"https:\/\/xantala.es\/\",\"name\":\"Inici\"}},{\"@type\":\"ListItem\",\"position\":2,\"item\":{\"@type\":\"WebPage\",\"@id\":\"https:\/\/xantala.es\/casal-de-verano-2024\/\",\"url\":\"https:\/\/xantala.es\/casal-de-verano-2024\/\",\"name\":\"CASAL D&#8217;ESTIU 2024\"}}]}]}<\/script>\n<!-- \/ Yoast SEO plugin. -->","_links":{"self":[{"href":"https:\/\/xantala.es\/es\/wp-json\/wp\/v2\/pages\/3144"}],"collection":[{"href":"https:\/\/xantala.es\/es\/wp-json\/wp\/v2\/pages"}],"about":[{"href":"https:\/\/xantala.es\/es\/wp-json\/wp\/v2\/types\/page"}],"author":[{"embeddable":true,"href":"https:\/\/xantala.es\/es\/wp-json\/wp\/v2\/users\/2"}],"replies":[{"embeddable":true,"href":"https:\/\/xantala.es\/es\/wp-json\/wp\/v2\/comments?post=3144"}],"version-history":[{"count":1,"href":"https:\/\/xantala.es\/es\/wp-json\/wp\/v2\/pages\/3144\/revisions"}],"predecessor-version":[{"id":3146,"href":"https:\/\/xantala.es\/es\/wp-json\/wp\/v2\/pages\/3144\/revisions\/3146"}],"wp:attachment":[{"href":"https:\/\/xantala.es\/es\/wp-json\/wp\/v2\/media?parent=3144"}],"curies":[{"name":"wp","href":"https:\/\/api.w.org\/{rel}","templated":true}]}}