{"id":2367,"date":"2021-02-02T22:18:18","date_gmt":"2021-02-02T21:18:18","guid":{"rendered":"https:\/\/xantala.es\/?page_id=2367"},"modified":"2025-02-13T11:51:13","modified_gmt":"2025-02-13T10:51:13","slug":"el-proyecto","status":"publish","type":"page","link":"https:\/\/xantala.es\/es\/el-proyecto\/","title":{"rendered":"El proyecto"},"content":{"rendered":"<p><span style=\"font-weight: 400;\">Xantala es una asociaci\u00f3n sin \u00e1nimo de lucro, constituida por un grupo de educadores y familias. Tiene como finalidad el acompa\u00f1amiento respetuoso de la crianza, apoy\u00e1ndose en los principios de la educaci\u00f3n libre. Se centra en la etapa infantil, desde los 2 hasta los 6 a\u00f1os.<\/span><\/p>\n<p><a href=\"https:\/\/xantala.es\/wp-content\/uploads\/2021\/03\/escuela-educacion-libre-juego-1.jpg\"><img decoding=\"async\" class=\"aligncenter wp-image-2587 size-large\" src=\"https:\/\/xantala.es\/wp-content\/uploads\/2021\/03\/escuela-educacion-libre-juego-1-1024x682.jpg\" alt=\"escuela educaci\u00f3n libre juego\" width=\"525\" height=\"350\" srcset=\"https:\/\/xantala.es\/wp-content\/uploads\/2021\/03\/escuela-educacion-libre-juego-1-1024x682.jpg 1024w, https:\/\/xantala.es\/wp-content\/uploads\/2021\/03\/escuela-educacion-libre-juego-1-300x200.jpg 300w, https:\/\/xantala.es\/wp-content\/uploads\/2021\/03\/escuela-educacion-libre-juego-1-768x512.jpg 768w, https:\/\/xantala.es\/wp-content\/uploads\/2021\/03\/escuela-educacion-libre-juego-1.jpg 1100w\" sizes=\"(max-width: 525px) 100vw, 525px\" \/><\/a><\/p>\n<p><span style=\"font-weight: 400;\">Nuestra principal propuesta es la de acompa\u00f1ar el libre desarrollo de los procesos evolutivos de las criaturas. Entendemos el espacio educativo como un lugar para que las ni\u00f1as y ni\u00f1os puedan relacionarse y convivir entre iguales, as\u00ed como una oportunidad para las familias de tejer redes entre ellas.<\/span><\/p>\n<p style=\"text-align: left;\">Este proyecto nace en el 2006, fundado por Marta Salsench y Alba del Cid, con el apoyo de sus familias como alternativa a las guarderias tradicionales. Alba lo continu\u00f3 gestionando hasta el 2009, para formar parte de la Xarxa d&#8217;Educaci\u00f3 Lliure (Xell)<\/p>\n<p><a href=\"https:\/\/xantala.es\/wp-content\/uploads\/2025\/02\/IMG-20250213-WA0004.jpg\"><img decoding=\"async\" class=\"size-medium wp-image-3253 aligncenter\" src=\"https:\/\/xantala.es\/wp-content\/uploads\/2025\/02\/IMG-20250213-WA0004-300x169.jpg\" alt=\"\" width=\"300\" height=\"169\" srcset=\"https:\/\/xantala.es\/wp-content\/uploads\/2025\/02\/IMG-20250213-WA0004-300x169.jpg 300w, https:\/\/xantala.es\/wp-content\/uploads\/2025\/02\/IMG-20250213-WA0004-1024x576.jpg 1024w, https:\/\/xantala.es\/wp-content\/uploads\/2025\/02\/IMG-20250213-WA0004-768x432.jpg 768w, https:\/\/xantala.es\/wp-content\/uploads\/2025\/02\/IMG-20250213-WA0004.jpg 1280w\" sizes=\"(max-width: 300px) 100vw, 300px\" \/><\/a><\/p>\n<p><span style=\"font-weight: 400;\">Las familias, las acompa\u00f1antes y todas las personas que en estos a\u00f1os han participado en el proyecto lo han ido nutriendo de ideas, aportaciones, experiencias y coherencia durante su trayectoria.<\/span><\/p>\n<p><a href=\"https:\/\/xantala.es\/wp-content\/uploads\/2021\/09\/educacion-libre-juego-simbolico.jpg\"><img decoding=\"async\" class=\"wp-image-2767 size-medium aligncenter\" src=\"https:\/\/xantala.es\/wp-content\/uploads\/2021\/09\/educacion-libre-juego-simbolico-300x200.jpg\" alt=\"educaci\u00f3n libre juego simb\u00f3lico\" width=\"300\" height=\"200\" srcset=\"https:\/\/xantala.es\/wp-content\/uploads\/2021\/09\/educacion-libre-juego-simbolico-300x200.jpg 300w, https:\/\/xantala.es\/wp-content\/uploads\/2021\/09\/educacion-libre-juego-simbolico-1024x682.jpg 1024w, https:\/\/xantala.es\/wp-content\/uploads\/2021\/09\/educacion-libre-juego-simbolico-768x512.jpg 768w, https:\/\/xantala.es\/wp-content\/uploads\/2021\/09\/educacion-libre-juego-simbolico.jpg 1100w\" sizes=\"(max-width: 300px) 100vw, 300px\" \/><\/a><\/p>\n<p><span style=\"font-weight: 400;\">Xantala es, por tanto, un lugar de encuentro y crecimiento tanto para las criaturas como para sus familias. As\u00ed, su pr\u00e1ctica se concreta en:<\/span><\/p>\n<ul>\n<li style=\"font-weight: 400;\"><span style=\"font-weight: 400;\">Ofrecer un planteamiento educativo con <\/span><b>pedagog\u00eda libre y activa <\/b><span style=\"font-weight: 400;\">de calidad.\u00a0<\/span><\/li>\n<li style=\"font-weight: 400;\"><span style=\"font-weight: 400;\">Promover espacios para la informaci\u00f3n y formaci\u00f3n de las familias sobre diferentes <\/span><b>herramientas de acompa\u00f1amiento a la crianza <\/b><span style=\"font-weight: 400;\">de forma consciente y respetuosa.<\/span><\/li>\n<li style=\"font-weight: 400;\"><span style=\"font-weight: 400;\">Promover la <\/span><b>formaci\u00f3n continua en educaci\u00f3n libre y activa, <\/b><span style=\"font-weight: 400;\">a trav\u00e9s de charlas y talleres y creando espacios de investigaci\u00f3n e intercambio.<\/span><\/li>\n<li style=\"font-weight: 400;\"><span style=\"font-weight: 400;\">Incentivar el intercambio con otras entidades educativas afines.<\/span><\/li>\n<li style=\"font-weight: 400;\"><span style=\"font-weight: 400;\">Promover el reconocimiento legal de la <\/span><b>educaci\u00f3n alternativa <\/b><span style=\"font-weight: 400;\">a trav\u00e9s de nuestra implicaci\u00f3n en la <\/span><a href=\"https:\/\/educaciolliure.org\/es\/\"><span style=\"font-weight: 400;\">Xell (Red de Educaci\u00f3n Libre)<\/span><\/a><span style=\"font-weight: 400;\">.<\/span><\/li>\n<\/ul>\n<div><\/div>\n<p><\/p>","protected":false},"excerpt":{"rendered":"<p>Xantala es una asociaci\u00f3n sin \u00e1nimo de lucro, constituida por un grupo de educadores y familias. Tiene como finalidad el acompa\u00f1amiento respetuoso de la crianza, apoy\u00e1ndose en los principios de la educaci\u00f3n libre. Se centra en la etapa infantil, desde los 2 hasta los 6 a\u00f1os. Nuestra principal propuesta es la de acompa\u00f1ar el libre &hellip; <\/p>\n<p class=\"link-more\"><a href=\"https:\/\/xantala.es\/es\/el-proyecto\/\" class=\"more-link\">Continuar leyendo<span class=\"screen-reader-text\"> \u00abEl proyecto\u00bb<\/span><\/a><\/p>\n","protected":false},"author":2,"featured_media":0,"parent":0,"menu_order":0,"comment_status":"closed","ping_status":"closed","template":"","meta":{"footnotes":""},"yoast_head":"<!-- This site is optimized with the Yoast SEO plugin v15.9.1 - https:\/\/yoast.com\/wordpress\/plugins\/seo\/ -->\n<title>El proyecto -<\/title>\n<link rel=\"canonical\" href=\"https:\/\/xantala.es\/el-proyecto\/\" \/>\n<meta property=\"og:locale\" content=\"es_ES\" \/>\n<meta property=\"og:type\" content=\"article\" \/>\n<meta property=\"og:title\" content=\"[:es]El proyecto[:ca]Projecte[:] -\" \/>\n<meta property=\"og:description\" content=\"Xantala es una asociaci\u00f3n sin \u00e1nimo de lucro, constituida por un grupo de educadores y familias. Tiene como finalidad el acompa\u00f1amiento respetuoso de la crianza, apoy\u00e1ndose en los principios de la educaci\u00f3n libre. Se centra en la etapa infantil, desde los 2 hasta los 6 a\u00f1os. Nuestra principal propuesta es la de acompa\u00f1ar el libre &hellip; Continuar leyendo &quot;El proyecto&quot;\" \/>\n<meta property=\"og:url\" content=\"https:\/\/xantala.es\/el-proyecto\/\" \/>\n<meta property=\"article:modified_time\" content=\"2025-02-13T10:51:13+00:00\" \/>\n<meta property=\"og:image\" content=\"https:\/\/xantala.es\/wp-content\/uploads\/2021\/03\/escuela-educacion-libre-juego-1-1024x682.jpg\" \/>\n<meta name=\"twitter:card\" content=\"summary_large_image\" \/>\n<meta name=\"twitter:label1\" content=\"Tiempo de lectura\">\n\t<meta name=\"twitter:data1\" content=\"2 minutos\">\n<script type=\"application\/ld+json\" class=\"yoast-schema-graph\">{\"@context\":\"https:\/\/schema.org\",\"@graph\":[{\"@type\":\"WebSite\",\"@id\":\"https:\/\/xantala.es\/#website\",\"url\":\"https:\/\/xantala.es\/\",\"name\":\"\",\"description\":\"\",\"potentialAction\":[{\"@type\":\"SearchAction\",\"target\":\"https:\/\/xantala.es\/?s={search_term_string}\",\"query-input\":\"required name=search_term_string\"}],\"inLanguage\":\"es\"},{\"@type\":\"ImageObject\",\"@id\":\"https:\/\/xantala.es\/el-proyecto\/#primaryimage\",\"inLanguage\":\"es\",\"url\":\"https:\/\/xantala.es\/wp-content\/uploads\/2021\/03\/escuela-educacion-libre-juego-1.jpg\",\"width\":1100,\"height\":733,\"caption\":\"escuela educaci\\u00f3n libre juego\"},{\"@type\":\"WebPage\",\"@id\":\"https:\/\/xantala.es\/el-proyecto\/#webpage\",\"url\":\"https:\/\/xantala.es\/el-proyecto\/\",\"name\":\"[:es]El proyecto[:ca]Projecte[:] -\",\"isPartOf\":{\"@id\":\"https:\/\/xantala.es\/#website\"},\"primaryImageOfPage\":{\"@id\":\"https:\/\/xantala.es\/el-proyecto\/#primaryimage\"},\"datePublished\":\"2021-02-02T21:18:18+00:00\",\"dateModified\":\"2025-02-13T10:51:13+00:00\",\"breadcrumb\":{\"@id\":\"https:\/\/xantala.es\/el-proyecto\/#breadcrumb\"},\"inLanguage\":\"es\",\"potentialAction\":[{\"@type\":\"ReadAction\",\"target\":[\"https:\/\/xantala.es\/el-proyecto\/\"]}]},{\"@type\":\"BreadcrumbList\",\"@id\":\"https:\/\/xantala.es\/el-proyecto\/#breadcrumb\",\"itemListElement\":[{\"@type\":\"ListItem\",\"position\":1,\"item\":{\"@type\":\"WebPage\",\"@id\":\"https:\/\/xantala.es\/\",\"url\":\"https:\/\/xantala.es\/\",\"name\":\"Inici\"}},{\"@type\":\"ListItem\",\"position\":2,\"item\":{\"@type\":\"WebPage\",\"@id\":\"https:\/\/xantala.es\/el-proyecto\/\",\"url\":\"https:\/\/xantala.es\/el-proyecto\/\",\"name\":\"El proyecto\"}}]}]}<\/script>\n<!-- \/ Yoast SEO plugin. -->","_links":{"self":[{"href":"https:\/\/xantala.es\/es\/wp-json\/wp\/v2\/pages\/2367"}],"collection":[{"href":"https:\/\/xantala.es\/es\/wp-json\/wp\/v2\/pages"}],"about":[{"href":"https:\/\/xantala.es\/es\/wp-json\/wp\/v2\/types\/page"}],"author":[{"embeddable":true,"href":"https:\/\/xantala.es\/es\/wp-json\/wp\/v2\/users\/2"}],"replies":[{"embeddable":true,"href":"https:\/\/xantala.es\/es\/wp-json\/wp\/v2\/comments?post=2367"}],"version-history":[{"count":8,"href":"https:\/\/xantala.es\/es\/wp-json\/wp\/v2\/pages\/2367\/revisions"}],"predecessor-version":[{"id":3254,"href":"https:\/\/xantala.es\/es\/wp-json\/wp\/v2\/pages\/2367\/revisions\/3254"}],"wp:attachment":[{"href":"https:\/\/xantala.es\/es\/wp-json\/wp\/v2\/media?parent=2367"}],"curies":[{"name":"wp","href":"https:\/\/api.w.org\/{rel}","templated":true}]}}