{"id":2116,"date":"2020-10-09T11:48:40","date_gmt":"2020-10-09T10:48:40","guid":{"rendered":"https:\/\/xantala.es\/?page_id=2116"},"modified":"2025-09-12T17:51:37","modified_gmt":"2025-09-12T16:51:37","slug":"psicomotricitat-relacional","status":"publish","type":"page","link":"https:\/\/xantala.es\/es\/extraescolares-educacion-libre-poblenou\/psicomotricitat-relacional\/","title":{"rendered":"Psicomotricidad relacional"},"content":{"rendered":"<p><\/p>\n<h2><strong>Psicomotricidad relacional en Xantala<\/strong><\/h2>\n<h3><strong>\u00bfPor qu\u00e9 psicomotricidad?<\/strong><\/h3>\n<ul>\n<li>Las criaturas se mueven y juegan con su cuerpo de forma natural, ya que este es el medio que tienen para expresar sus emociones, estados de \u00e1nimo, inquietudes, relacionarse con las otras y, en general, de conocer el mundo.<\/li>\n<li>La psicomotricidad entiende a la criatura como una persona \u00fanica, con una expresividad propia y portadora de su historia personal.<\/li>\n<li>Es un espacio donde ellas son las protagonistas y donde sus ritmos, emociones y necesidades son respetadas.<\/li>\n<li>Es un espacio preparado donde las criaturas experimentan y viven el placer de ser ellas mismas, el placer del movimiento, y del propio cuerpo, conect\u00e1ndose con sus deseos y motivaciones.<\/li>\n<li>Favorece que las criaturas adquieran confianza y seguridad en s\u00ed mismas y favorece su autonom\u00eda;<\/li>\n<li>Favorece que las criaturas mejoren el dominio del cuerpo, busquen y experimenten las posibilidades del propio cuerpo y reconozcan los propios l\u00edmites;<\/li>\n<li>Favorece la expresi\u00f3n de su creatividad e imaginaci\u00f3n;<\/li>\n<li>Favorece el aprendizaje de una comunicaci\u00f3n asertiva, comunicando las propias emociones y necesidades a los otros ni\u00f1os y adquiriendo h\u00e1bitos de convivencia (respetar turnos, respetar el juego de los otros, cocrear juegos en com\u00fan).<\/li>\n<\/ul>\n<p><a href=\"https:\/\/xantala.es\/wp-content\/uploads\/2024\/09\/Psico-en-familia-A4-2-2.jpg\"><img decoding=\"async\" class=\"wp-image-3180 size-medium aligncenter\" title=\"escuela educaci\u00f3n libre psicomotricidad\" src=\"https:\/\/xantala.es\/wp-content\/uploads\/2024\/09\/Psico-en-familia-A4-2-2-212x300.jpg\" alt=\"\" width=\"212\" height=\"300\" srcset=\"https:\/\/xantala.es\/wp-content\/uploads\/2024\/09\/Psico-en-familia-A4-2-2-212x300.jpg 212w, https:\/\/xantala.es\/wp-content\/uploads\/2024\/09\/Psico-en-familia-A4-2-2-724x1024.jpg 724w, https:\/\/xantala.es\/wp-content\/uploads\/2024\/09\/Psico-en-familia-A4-2-2-768x1086.jpg 768w, https:\/\/xantala.es\/wp-content\/uploads\/2024\/09\/Psico-en-familia-A4-2-2-1086x1536.jpg 1086w, https:\/\/xantala.es\/wp-content\/uploads\/2024\/09\/Psico-en-familia-A4-2-2.jpg 1414w\" sizes=\"(max-width: 212px) 100vw, 212px\" \/><\/a><\/p>\n<h3><strong>\u00bfQu\u00e9 hace la psicomotricista?<\/strong><\/h3>\n<ul>\n<li>Acompa\u00f1a el juego de las criaturas a partir de los juegos que inician ellas y proponiendo juegos que se ajustan a la etapa madurativa de los ni\u00f1os. Hace propuestas sugeridas y no directivas, para respetar el inter\u00e9s y necesidades de los ni\u00f1os.<\/li>\n<li>Prepara la sala con unos materiales concretos y dispuestos de una manera para que propicien la expresi\u00f3n de emociones profundas que cuando son jugadas producen placer y eso reasegura a las criaturas. Muchas acciones de juegos tienen que ver con lo que sintieron en los primeros momentos de vida y poderlo jugar les da seguridad en s\u00ed mismas y en la vida.<\/li>\n<li>Sugiere propuestas para que las criaturas expresen sin culpa y vivan con placer emociones y sensaciones profundas como el miedo, la agresividad y la alegr\u00eda.<\/li>\n<li>Acompa\u00f1a a las criaturas para empoderarse en su proceso de socializaci\u00f3n, favoreciendo una comunicaci\u00f3n asertiva. Y las acompa\u00f1a para favorecer que se organicen en grupo, cuando surge.<\/li>\n<li>Facilita un espacio de seguridad f\u00edsica y afectiva.<\/li>\n<\/ul>\n<h3>Fases de la sesi\u00f3n de psicomotricidad relacional<\/h3>\n<p>La sesi\u00f3n de psicomotricidad tiene un dispositivo temporal propio concretado en diferentes momentos o fases:<\/p>\n<h4><strong>Ritual de entrada<\/strong><\/h4>\n<p>&nbsp;<\/p>\n<h4><strong>Nos sentamos en c\u00edrculo<\/strong><\/h4>\n<p>es el momento de encontrarnos con el grupo y darnos la bienvenida. Un momento para explicar las normas de la sesi\u00f3n: no nos hacemos da\u00f1o a nosotros mismos, ni a las otras y cuidamos el material. Y pregunto a cada criatura a la que querr\u00e1 jugar, para que empiecen a planificar, anticipar sus juegos. A continuaci\u00f3n preparamos el cuerpo para el movimiento;<\/p>\n<h4><strong>Tiran la muralla<\/strong><\/h4>\n<p>Tiran la muralla de almohadas con la psicomotricista a \u00faltima. Echar la muralla con la adulta detr\u00e1s significa, entre otras cosas, conectar con su fuerza y \u200b\u200bagresividad para destruir un obst\u00e1culo en su camino, para autoafirmarse, para tirar un l\u00edmite y al adulta que habitualmente es la figura que le pone l\u00edmites. Por lo tanto, es un momento de poder girar a la adulta y el l\u00edmite que ella ha construido sin culpabilidad, un momento de sacar frustraciones acumuladas por los l\u00edmites recibidos. Es un acto de autoafirmaci\u00f3n, de sentir que pueden destruir los obst\u00e1culos del camino;<\/p>\n<h4><strong>Momento de juegos<\/strong><\/h4>\n<p>Despu\u00e9s de tirar la muralla aparecen diferentes juegos y din\u00e1micas espont\u00e1neas de los ni\u00f1os acompa\u00f1ados por la psicomotricista. Juegos pulsionales como saltar, trepar, conquistar la altura, rodar, equilibrios y desequilibrios &#8230;; juegos de seguridad profunda: de envolturas, balanceos, de esconderse, aparecer y desaparecer, construir y destruir, juegos de persecuci\u00f3n y oposici\u00f3n del adulta; y el juego simb\u00f3lico y de roles: es el \u00abhacer como si\u00bb, cuando las criaturas representan personajes y situaciones que no est\u00e1n presentes. (A trav\u00e9s del juego simb\u00f3lico el ni\u00f1o expresa su emoci\u00f3n y su vida fantasm\u00e1tica m\u00e1s profunda). Y para bajar la pulsi\u00f3n de los juegos aviso que \u00abfaltan 5 minutos para que se haga de noche\u00bb y sugiero que se pueden construir casas para recoger en \u00e9l y \u00abacostarse\u00bb cuando yo cierro las luces;<\/p>\n<h4><strong>Explico un cuento<\/strong><\/h4>\n<p>Explico un cuento (cuando cierro las luces) inspirado en el que han jugado durante la sesi\u00f3n y en el cuento retorno algo que he visto que ha jugado o hecho cada criatura donde se sienten miradas y pueden pensar, observarse, en el que han hecho.<\/p>\n<h4><strong>Representaci\u00f3n<\/strong><\/h4>\n<p>&nbsp;<\/p>\n<h4><strong>Momento de regreso a la calma<\/strong><\/h4>\n<p>Representan el que han vivido con diferentes lenguajes: dibujo, construcciones, modelado. Es un momento para distanciarse de la acci\u00f3n y la emoci\u00f3n vividas y representarlas a trav\u00e9s de una actividad pre-simb\u00f3lica con las manos: dibujar, hacer construcciones o plastilina. Es una actividad que precede el simbolismo porque representan im\u00e1genes mentales vividas a trav\u00e9s de expresiones art\u00edsticas, es una manera de distanciarse del momento presente y ordenar sus vivencias.<\/p>\n<h4><strong>Ritual de salida<\/strong><\/h4>\n<p>Momento breve para decir adi\u00f3s a cada criatura con una <strong>canci\u00f3n<\/strong>.<\/p>\n<p><strong>Todos los mi\u00e9rcoles de 17:15h a 18:30h<\/strong><\/p>\n<p>Acompa\u00f1a la actividad:<\/p>\n<p><strong>Roberta Castellan,<\/strong>\u00a0Formaci\u00f3n en educaci\u00f3n libre (La Caseta, Barcelona), acompa\u00f1amiento emocional (SENDA, Barcelona) y psicomotricidad educativa-preventiva (AEC, Barcelona).<br \/>\nActualmente cursando una formaci\u00f3n de doula (Guardianas del nacimiento, Alicante).<br \/>\nAcompa\u00f1ando en espacios de educaci\u00f3n libre y grupos de psicomotricidad.<\/p>\n<p>&nbsp;<\/p>\n<h2><strong>Psicomotricidad relacional en Xantala<\/strong><\/h2>\n<h3><strong>\u00bfPor qu\u00e9 psicomotricidad?<\/strong><\/h3>\n<ul>\n<li>Las criaturas se mueven y juegan con su cuerpo de forma natural, ya que este es el medio que tienen para expresar sus emociones, estados de \u00e1nimo, inquietudes, relacionarse con las otras y, en general, de conocer el mundo.<\/li>\n<li>La psicomotricidad entiende a la criatura como una persona \u00fanica, con una expresividad propia y portadora de su historia personal.<\/li>\n<li>Es un espacio donde ellas son las protagonistas y donde sus ritmos, emociones y necesidades son respetadas.<\/li>\n<li>Es un espacio preparado donde las criaturas experimentan y viven el placer de ser ellas mismas, el placer del movimiento, y del propio cuerpo, conect\u00e1ndose con sus deseos y motivaciones.<\/li>\n<li>Favorece que las criaturas adquieran confianza y seguridad en s\u00ed mismas y favorece su autonom\u00eda;<\/li>\n<li>Favorece que las criaturas mejoren el dominio del cuerpo, busquen y experimenten las posibilidades del propio cuerpo y reconozcan los propios l\u00edmites;<\/li>\n<li>Favorece la expresi\u00f3n de su creatividad e imaginaci\u00f3n;<\/li>\n<li>Favorece el aprendizaje de una comunicaci\u00f3n asertiva, comunicando las propias emociones y necesidades a los otros ni\u00f1os y adquiriendo h\u00e1bitos de convivencia (respetar turnos, respetar el juego de los otros, cocrear juegos en com\u00fan).<\/li>\n<\/ul>\n<p><a href=\"https:\/\/xantala.es\/wp-content\/uploads\/2025\/09\/psico.jpg\"><img decoding=\"async\" class=\"size-medium wp-image-3271 aligncenter\" src=\"https:\/\/xantala.es\/wp-content\/uploads\/2025\/09\/psico-240x300.jpg\" alt=\"\" width=\"240\" height=\"300\" srcset=\"https:\/\/xantala.es\/wp-content\/uploads\/2025\/09\/psico-240x300.jpg 240w, https:\/\/xantala.es\/wp-content\/uploads\/2025\/09\/psico-819x1024.jpg 819w, https:\/\/xantala.es\/wp-content\/uploads\/2025\/09\/psico-768x960.jpg 768w, https:\/\/xantala.es\/wp-content\/uploads\/2025\/09\/psico.jpg 1080w\" sizes=\"(max-width: 240px) 100vw, 240px\" \/><\/a><\/p>\n<h3><strong>\u00bfQu\u00e9 hace la psicomotricista?<\/strong><\/h3>\n<ul>\n<li>Acompa\u00f1a el juego de las criaturas a partir de los juegos que inician ellas y proponiendo juegos que se ajustan a la etapa madurativa de los ni\u00f1os. Hace propuestas sugeridas y no directivas, para respetar el inter\u00e9s y necesidades de los ni\u00f1os.<\/li>\n<li>Prepara la sala con unos materiales concretos y dispuestos de una manera para que propicien la expresi\u00f3n de emociones profundas que cuando son jugadas producen placer y eso reasegura a las criaturas. Muchas acciones de juegos tienen que ver con lo que sintieron en los primeros momentos de vida y poderlo jugar les da seguridad en s\u00ed mismas y en la vida.<\/li>\n<li>Sugiere propuestas para que las criaturas expresen sin culpa y vivan con placer emociones y sensaciones profundas como el miedo, la agresividad y la alegr\u00eda.<\/li>\n<li>Acompa\u00f1a a las criaturas para empoderarse en su proceso de socializaci\u00f3n, favoreciendo una comunicaci\u00f3n asertiva. Y las acompa\u00f1a para favorecer que se organicen en grupo, cuando surge.<\/li>\n<li>Facilita un espacio de seguridad f\u00edsica y afectiva.<\/li>\n<\/ul>\n<h3>Fases de la sesi\u00f3n de psicomotricidad relacional<\/h3>\n<p>La sesi\u00f3n de psicomotricidad tiene un dispositivo temporal propio concretado en diferentes momentos o fases:<\/p>\n<h4><strong>Ritual de entrada<\/strong><\/h4>\n<p>&nbsp;<\/p>\n<h4><strong>Nos sentamos en c\u00edrculo<\/strong><\/h4>\n<p>es el momento de encontrarnos con el grupo y darnos la bienvenida. Un momento para explicar las normas de la sesi\u00f3n: no nos hacemos da\u00f1o a nosotros mismos, ni a las otras y cuidamos el material. Y pregunto a cada criatura a la que querr\u00e1 jugar, para que empiecen a planificar, anticipar sus juegos. A continuaci\u00f3n preparamos el cuerpo para el movimiento;<\/p>\n<h4><strong>Tiran la muralla<\/strong><\/h4>\n<p>Tiran la muralla de almohadas con la psicomotricista a \u00faltima. Echar la muralla con la adulta detr\u00e1s significa, entre otras cosas, conectar con su fuerza y \u200b\u200bagresividad para destruir un obst\u00e1culo en su camino, para autoafirmarse, para tirar un l\u00edmite y al adulta que habitualmente es la figura que le pone l\u00edmites. Por lo tanto, es un momento de poder girar a la adulta y el l\u00edmite que ella ha construido sin culpabilidad, un momento de sacar frustraciones acumuladas por los l\u00edmites recibidos. Es un acto de autoafirmaci\u00f3n, de sentir que pueden destruir los obst\u00e1culos del camino;<\/p>\n<h4><strong>Momento de juegos<\/strong><\/h4>\n<p>Despu\u00e9s de tirar la muralla aparecen diferentes juegos y din\u00e1micas espont\u00e1neas de los ni\u00f1os acompa\u00f1ados por la psicomotricista. Juegos pulsionales como saltar, trepar, conquistar la altura, rodar, equilibrios y desequilibrios &#8230;; juegos de seguridad profunda: de envolturas, balanceos, de esconderse, aparecer y desaparecer, construir y destruir, juegos de persecuci\u00f3n y oposici\u00f3n del adulta; y el juego simb\u00f3lico y de roles: es el \u00abhacer como si\u00bb, cuando las criaturas representan personajes y situaciones que no est\u00e1n presentes. (A trav\u00e9s del juego simb\u00f3lico el ni\u00f1o expresa su emoci\u00f3n y su vida fantasm\u00e1tica m\u00e1s profunda). Y para bajar la pulsi\u00f3n de los juegos aviso que \u00abfaltan 5 minutos para que se haga de noche\u00bb y sugiero que se pueden construir casas para recoger en \u00e9l y \u00abacostarse\u00bb cuando yo cierro las luces;<\/p>\n<h4><strong>Explico un cuento<\/strong><\/h4>\n<p>Explico un cuento (cuando cierro las luces) inspirado en el que han jugado durante la sesi\u00f3n y en el cuento retorno algo que he visto que ha jugado o hecho cada criatura donde se sienten miradas y pueden pensar, observarse, en el que han hecho.<\/p>\n<h4><strong>Representaci\u00f3n<\/strong><\/h4>\n<p>&nbsp;<\/p>\n<h4><strong>Momento de regreso a la calma<\/strong><\/h4>\n<p>Representan el que han vivido con diferentes lenguajes: dibujo, construcciones, modelado. Es un momento para distanciarse de la acci\u00f3n y la emoci\u00f3n vividas y representarlas a trav\u00e9s de una actividad pre-simb\u00f3lica con las manos: dibujar, hacer construcciones o plastilina. Es una actividad que precede el simbolismo porque representan im\u00e1genes mentales vividas a trav\u00e9s de expresiones art\u00edsticas, es una manera de distanciarse del momento presente y ordenar sus vivencias.<\/p>\n<h4><strong>Ritual de salida<\/strong><\/h4>\n<p>Momento breve para decir adi\u00f3s a cada criatura con una <strong>canci\u00f3n<\/strong>.<\/p>\n<p><strong>Todos los mi\u00e9rcoles de 17:15h a 18:30h<\/strong><\/p>\n<p>Acompa\u00f1a la actividad:<\/p>\n<p><strong>Sara Gumbau,<\/strong> Master en psicomotricidad educativa y terap\u00e9utica por la UVI<\/p>\n<p><\/p>","protected":false},"excerpt":{"rendered":"<p>Psicomotricidad relacional en Xantala \u00bfPor qu\u00e9 psicomotricidad? Las criaturas se mueven y juegan con su cuerpo de forma natural, ya que este es el medio que tienen para expresar sus emociones, estados de \u00e1nimo, inquietudes, relacionarse con las otras y, en general, de conocer el mundo. La psicomotricidad entiende a la criatura como una persona &hellip; <\/p>\n<p class=\"link-more\"><a href=\"https:\/\/xantala.es\/es\/extraescolares-educacion-libre-poblenou\/psicomotricitat-relacional\/\" class=\"more-link\">Continuar leyendo<span class=\"screen-reader-text\"> \u00abPsicomotricidad relacional\u00bb<\/span><\/a><\/p>\n","protected":false},"author":2,"featured_media":0,"parent":877,"menu_order":0,"comment_status":"closed","ping_status":"closed","template":"","meta":{"footnotes":""},"yoast_head":"<!-- This site is optimized with the Yoast SEO plugin v15.9.1 - https:\/\/yoast.com\/wordpress\/plugins\/seo\/ -->\n<title>Psicomotricidad relacional -<\/title>\n<meta name=\"description\" content=\"Psicomotricidad relacional en Xantala con Joana Marquilles, en el barrio del Poblenou, Barcelona. Los lunes de 17.15h a 18.30h.\" \/>\n<link rel=\"canonical\" href=\"https:\/\/xantala.es\/extraescolares-educacion-libre-poblenou\/psicomotricitat-relacional\/\" \/>\n<meta property=\"og:locale\" content=\"es_ES\" \/>\n<meta property=\"og:type\" content=\"article\" \/>\n<meta property=\"og:title\" content=\"[:es]Psicomotricidad relacional[:ca]Psicomotricitat relacional[:] -\" \/>\n<meta property=\"og:description\" content=\"Psicomotricidad relacional en Xantala con Joana Marquilles, en el barrio del Poblenou, Barcelona. Los lunes de 17.15h a 18.30h.\" \/>\n<meta property=\"og:url\" content=\"https:\/\/xantala.es\/extraescolares-educacion-libre-poblenou\/psicomotricitat-relacional\/\" \/>\n<meta property=\"article:modified_time\" content=\"2025-09-12T16:51:37+00:00\" \/>\n<meta property=\"og:image\" content=\"https:\/\/xantala.es\/wp-content\/uploads\/2024\/09\/Psico-en-familia-A4-2-2-212x300.jpg\" \/>\n<meta name=\"twitter:card\" content=\"summary_large_image\" \/>\n<meta name=\"twitter:label1\" content=\"Tiempo de lectura\">\n\t<meta name=\"twitter:data1\" content=\"8 minutos\">\n<script type=\"application\/ld+json\" class=\"yoast-schema-graph\">{\"@context\":\"https:\/\/schema.org\",\"@graph\":[{\"@type\":\"WebSite\",\"@id\":\"https:\/\/xantala.es\/#website\",\"url\":\"https:\/\/xantala.es\/\",\"name\":\"\",\"description\":\"\",\"potentialAction\":[{\"@type\":\"SearchAction\",\"target\":\"https:\/\/xantala.es\/?s={search_term_string}\",\"query-input\":\"required name=search_term_string\"}],\"inLanguage\":\"es\"},{\"@type\":\"ImageObject\",\"@id\":\"https:\/\/xantala.es\/extraescolares-educacion-libre-poblenou\/psicomotricitat-relacional\/#primaryimage\",\"inLanguage\":\"es\",\"url\":\"https:\/\/xantala.es\/wp-content\/uploads\/2024\/09\/Psico-en-familia-A4-2-2.jpg\",\"width\":1414,\"height\":2000},{\"@type\":\"WebPage\",\"@id\":\"https:\/\/xantala.es\/extraescolares-educacion-libre-poblenou\/psicomotricitat-relacional\/#webpage\",\"url\":\"https:\/\/xantala.es\/extraescolares-educacion-libre-poblenou\/psicomotricitat-relacional\/\",\"name\":\"[:es]Psicomotricidad relacional[:ca]Psicomotricitat relacional[:] -\",\"isPartOf\":{\"@id\":\"https:\/\/xantala.es\/#website\"},\"primaryImageOfPage\":{\"@id\":\"https:\/\/xantala.es\/extraescolares-educacion-libre-poblenou\/psicomotricitat-relacional\/#primaryimage\"},\"datePublished\":\"2020-10-09T10:48:40+00:00\",\"dateModified\":\"2025-09-12T16:51:37+00:00\",\"description\":\"Psicomotricidad relacional en Xantala con Joana Marquilles, en el barrio del Poblenou, Barcelona. Los lunes de 17.15h a 18.30h.\",\"breadcrumb\":{\"@id\":\"https:\/\/xantala.es\/extraescolares-educacion-libre-poblenou\/psicomotricitat-relacional\/#breadcrumb\"},\"inLanguage\":\"es\",\"potentialAction\":[{\"@type\":\"ReadAction\",\"target\":[\"https:\/\/xantala.es\/extraescolares-educacion-libre-poblenou\/psicomotricitat-relacional\/\"]}]},{\"@type\":\"BreadcrumbList\",\"@id\":\"https:\/\/xantala.es\/extraescolares-educacion-libre-poblenou\/psicomotricitat-relacional\/#breadcrumb\",\"itemListElement\":[{\"@type\":\"ListItem\",\"position\":1,\"item\":{\"@type\":\"WebPage\",\"@id\":\"https:\/\/xantala.es\/\",\"url\":\"https:\/\/xantala.es\/\",\"name\":\"Inici\"}},{\"@type\":\"ListItem\",\"position\":2,\"item\":{\"@type\":\"WebPage\",\"@id\":\"https:\/\/xantala.es\/extraescolares-educacion-libre-poblenou\/\",\"url\":\"https:\/\/xantala.es\/extraescolares-educacion-libre-poblenou\/\",\"name\":\"Actividades Extraescolares\"}},{\"@type\":\"ListItem\",\"position\":3,\"item\":{\"@type\":\"WebPage\",\"@id\":\"https:\/\/xantala.es\/extraescolares-educacion-libre-poblenou\/psicomotricitat-relacional\/\",\"url\":\"https:\/\/xantala.es\/extraescolares-educacion-libre-poblenou\/psicomotricitat-relacional\/\",\"name\":\"Psicomotricidad relacional\"}}]}]}<\/script>\n<!-- \/ Yoast SEO plugin. -->","_links":{"self":[{"href":"https:\/\/xantala.es\/es\/wp-json\/wp\/v2\/pages\/2116"}],"collection":[{"href":"https:\/\/xantala.es\/es\/wp-json\/wp\/v2\/pages"}],"about":[{"href":"https:\/\/xantala.es\/es\/wp-json\/wp\/v2\/types\/page"}],"author":[{"embeddable":true,"href":"https:\/\/xantala.es\/es\/wp-json\/wp\/v2\/users\/2"}],"replies":[{"embeddable":true,"href":"https:\/\/xantala.es\/es\/wp-json\/wp\/v2\/comments?post=2116"}],"version-history":[{"count":33,"href":"https:\/\/xantala.es\/es\/wp-json\/wp\/v2\/pages\/2116\/revisions"}],"predecessor-version":[{"id":3272,"href":"https:\/\/xantala.es\/es\/wp-json\/wp\/v2\/pages\/2116\/revisions\/3272"}],"up":[{"embeddable":true,"href":"https:\/\/xantala.es\/es\/wp-json\/wp\/v2\/pages\/877"}],"wp:attachment":[{"href":"https:\/\/xantala.es\/es\/wp-json\/wp\/v2\/media?parent=2116"}],"curies":[{"name":"wp","href":"https:\/\/api.w.org\/{rel}","templated":true}]}}