{"id":2091,"date":"2020-08-28T16:15:23","date_gmt":"2020-08-28T15:15:23","guid":{"rendered":"https:\/\/xantala.es\/?page_id=2091"},"modified":"2024-10-28T21:15:50","modified_gmt":"2024-10-28T20:15:50","slug":"equipo-pedagogico-de-xantala","status":"publish","type":"page","link":"https:\/\/xantala.es\/es\/el-proyecto\/espaci-educacion-libre-barcelona\/equipo-pedagogico-de-xantala\/","title":{"rendered":"Equipo pedag\u00f3gico de Xantala"},"content":{"rendered":"<p><\/p>\n<h2>Equipo pedag\u00f3gico de Xantala<\/h2>\n<p>Os presentamos a les acompa\u00f1antes del equipo pedag\u00f3gico de nuestro espacio de Educaci\u00f3n Libre:<\/p>\n<h3><b><i><a href=\"https:\/\/xantala.es\/wp-content\/uploads\/2023\/02\/IMG_5018-scaled.jpg\"><img decoding=\"async\" class=\"wp-image-3007 size-medium alignleft\" src=\"https:\/\/xantala.es\/wp-content\/uploads\/2023\/02\/IMG_5018-300x200.jpg\" alt=\"\" width=\"300\" height=\"200\" srcset=\"https:\/\/xantala.es\/wp-content\/uploads\/2023\/02\/IMG_5018-300x200.jpg 300w, https:\/\/xantala.es\/wp-content\/uploads\/2023\/02\/IMG_5018-1024x683.jpg 1024w, https:\/\/xantala.es\/wp-content\/uploads\/2023\/02\/IMG_5018-768x512.jpg 768w, https:\/\/xantala.es\/wp-content\/uploads\/2023\/02\/IMG_5018-1536x1024.jpg 1536w, https:\/\/xantala.es\/wp-content\/uploads\/2023\/02\/IMG_5018-2048x1365.jpg 2048w\" sizes=\"(max-width: 300px) 100vw, 300px\" \/><\/a><\/i><\/b><strong><i>Jordi Ramon<\/i><\/strong><\/h3>\n<p><i><span style=\"font-weight: 400;\"><em>Maestro con m\u00e1s de 20 a\u00f1os de experiencia en el mundo de la educaci\u00f3n. Bailar\u00edn, padre y acompa\u00f1ante en Xantala durante m\u00e1s de 10 a\u00f1os, coordinador de la gesti\u00f3n actualmente y miembro del equipo de coordinaci\u00f3n pedag\u00f3gica del proyecto de Educaci\u00f3n Libre, Xantala.<\/em><\/span><\/i><\/p>\n<div class=\"adM\"><\/div>\n<div>\n<div><\/div>\n<\/div>\n<h3><a href=\"https:\/\/xantala.es\/wp-content\/uploads\/2024\/10\/Imagen-de-WhatsApp-2024-10-17-a-las-11.23.08_1788207d-e1729157377424.jpg\"><img decoding=\"async\" class=\"wp-image-3197 size-medium alignleft\" src=\"https:\/\/xantala.es\/wp-content\/uploads\/2024\/10\/Imagen-de-WhatsApp-2024-10-17-a-las-11.23.08_1788207d-e1729157377424-300x278.jpg\" alt=\"\" width=\"300\" height=\"278\" srcset=\"https:\/\/xantala.es\/wp-content\/uploads\/2024\/10\/Imagen-de-WhatsApp-2024-10-17-a-las-11.23.08_1788207d-e1729157377424-300x278.jpg 300w, https:\/\/xantala.es\/wp-content\/uploads\/2024\/10\/Imagen-de-WhatsApp-2024-10-17-a-las-11.23.08_1788207d-e1729157377424-768x711.jpg 768w, https:\/\/xantala.es\/wp-content\/uploads\/2024\/10\/Imagen-de-WhatsApp-2024-10-17-a-las-11.23.08_1788207d-e1729157377424.jpg 796w\" sizes=\"(max-width: 300px) 100vw, 300px\" \/><\/a><em style=\"font-size: 1.125rem;\"><strong>Stefania Merea<\/strong><\/em><\/h3>\n<div class=\"adM\">\n<div class=\"im\"><em>Madre, educadora y acompa\u00f1ante actualmente en Xantala.<\/em><\/div>\n<div><\/div>\n<\/div>\n<div>\n<div class=\"adM\">\n<div class=\"im\">\n<p>Como artista, dise\u00f1adora de indumentaria, educadora viva y futura psicoterapeuta Gestalt, he desarrollado una carrera diversa que me ha permitido crecer personal y profesionalmente. Comenc\u00e9 mi ruta de formaci\u00f3n en Casita Munay, Per\u00fa, donde descubr\u00ed la pedagog\u00eda viva y fui testigo de c\u00f3mo el aprendizaje aut\u00e9ntico surge cuando se respeta la curiosidad de cada ni\u00f1o. Convencida de que este enfoque transforma a educadores y familias.<\/p>\n<\/div>\n<\/div>\n<\/div>\n<p>&nbsp;<\/p>\n<p>&nbsp;<\/p>","protected":false},"excerpt":{"rendered":"<p>Equipo pedag\u00f3gico de Xantala Os presentamos a les acompa\u00f1antes del equipo pedag\u00f3gico de nuestro espacio de Educaci\u00f3n Libre: Jordi Ramon Maestro con m\u00e1s de 20 a\u00f1os de experiencia en el mundo de la educaci\u00f3n. Bailar\u00edn, padre y acompa\u00f1ante en Xantala durante m\u00e1s de 10 a\u00f1os, coordinador de la gesti\u00f3n actualmente y miembro del equipo de &hellip; <\/p>\n<p class=\"link-more\"><a href=\"https:\/\/xantala.es\/es\/el-proyecto\/espaci-educacion-libre-barcelona\/equipo-pedagogico-de-xantala\/\" class=\"more-link\">Continuar leyendo<span class=\"screen-reader-text\"> \u00abEquipo pedag\u00f3gico de Xantala\u00bb<\/span><\/a><\/p>\n","protected":false},"author":2,"featured_media":0,"parent":90,"menu_order":2,"comment_status":"closed","ping_status":"closed","template":"","meta":{"footnotes":""},"yoast_head":"<!-- This site is optimized with the Yoast SEO plugin v15.9.1 - https:\/\/yoast.com\/wordpress\/plugins\/seo\/ -->\n<title>Equipo Pedag\u00f3gico, Espacio de Educaci\u00f3n Libre de Poblenou<\/title>\n<meta name=\"description\" content=\"Os presentamos a les 4 acompa\u00f1antes de nuestro espacio para que conozc\u00e1is de cerca a las personas que cuidar\u00e1n de tu criatura.\" \/>\n<link rel=\"canonical\" href=\"https:\/\/xantala.es\/el-proyecto\/espaci-educacion-libre-barcelona\/equipo-pedagogico-de-xantala\/\" \/>\n<meta property=\"og:locale\" content=\"es_ES\" \/>\n<meta property=\"og:type\" content=\"article\" \/>\n<meta property=\"og:title\" content=\"Equipo Pedag\u00f3gico, Espacio de Educaci\u00f3n Libre de Poblenou\" \/>\n<meta property=\"og:description\" content=\"Os presentamos a les 4 acompa\u00f1antes de nuestro espacio para que conozc\u00e1is de cerca a las personas que cuidar\u00e1n de tu criatura.\" \/>\n<meta property=\"og:url\" content=\"https:\/\/xantala.es\/el-proyecto\/espaci-educacion-libre-barcelona\/equipo-pedagogico-de-xantala\/\" \/>\n<meta property=\"article:modified_time\" content=\"2024-10-28T20:15:50+00:00\" \/>\n<meta property=\"og:image\" content=\"https:\/\/xantala.es\/wp-content\/uploads\/2023\/02\/IMG_5018-300x200.jpg\" \/>\n<meta name=\"twitter:card\" content=\"summary_large_image\" \/>\n<meta name=\"twitter:label1\" content=\"Tiempo de lectura\">\n\t<meta name=\"twitter:data1\" content=\"2 minutos\">\n<script type=\"application\/ld+json\" class=\"yoast-schema-graph\">{\"@context\":\"https:\/\/schema.org\",\"@graph\":[{\"@type\":\"WebSite\",\"@id\":\"https:\/\/xantala.es\/#website\",\"url\":\"https:\/\/xantala.es\/\",\"name\":\"\",\"description\":\"\",\"potentialAction\":[{\"@type\":\"SearchAction\",\"target\":\"https:\/\/xantala.es\/?s={search_term_string}\",\"query-input\":\"required name=search_term_string\"}],\"inLanguage\":\"es\"},{\"@type\":\"ImageObject\",\"@id\":\"https:\/\/xantala.es\/el-proyecto\/espaci-educacion-libre-barcelona\/equipo-pedagogico-de-xantala\/#primaryimage\",\"inLanguage\":\"es\",\"url\":\"https:\/\/xantala.es\/wp-content\/uploads\/2023\/02\/IMG_5018-scaled.jpg\",\"width\":2560,\"height\":1707},{\"@type\":\"WebPage\",\"@id\":\"https:\/\/xantala.es\/el-proyecto\/espaci-educacion-libre-barcelona\/equipo-pedagogico-de-xantala\/#webpage\",\"url\":\"https:\/\/xantala.es\/el-proyecto\/espaci-educacion-libre-barcelona\/equipo-pedagogico-de-xantala\/\",\"name\":\"Equipo Pedag\\u00f3gico, Espacio de Educaci\\u00f3n Libre de Poblenou\",\"isPartOf\":{\"@id\":\"https:\/\/xantala.es\/#website\"},\"primaryImageOfPage\":{\"@id\":\"https:\/\/xantala.es\/el-proyecto\/espaci-educacion-libre-barcelona\/equipo-pedagogico-de-xantala\/#primaryimage\"},\"datePublished\":\"2020-08-28T15:15:23+00:00\",\"dateModified\":\"2024-10-28T20:15:50+00:00\",\"description\":\"Os presentamos a les 4 acompa\\u00f1antes de nuestro espacio para que conozc\\u00e1is de cerca a las personas que cuidar\\u00e1n de tu criatura.\",\"breadcrumb\":{\"@id\":\"https:\/\/xantala.es\/el-proyecto\/espaci-educacion-libre-barcelona\/equipo-pedagogico-de-xantala\/#breadcrumb\"},\"inLanguage\":\"es\",\"potentialAction\":[{\"@type\":\"ReadAction\",\"target\":[\"https:\/\/xantala.es\/el-proyecto\/espaci-educacion-libre-barcelona\/equipo-pedagogico-de-xantala\/\"]}]},{\"@type\":\"BreadcrumbList\",\"@id\":\"https:\/\/xantala.es\/el-proyecto\/espaci-educacion-libre-barcelona\/equipo-pedagogico-de-xantala\/#breadcrumb\",\"itemListElement\":[{\"@type\":\"ListItem\",\"position\":1,\"item\":{\"@type\":\"WebPage\",\"@id\":\"https:\/\/xantala.es\/\",\"url\":\"https:\/\/xantala.es\/\",\"name\":\"Inici\"}},{\"@type\":\"ListItem\",\"position\":2,\"item\":{\"@type\":\"WebPage\",\"@id\":\"https:\/\/xantala.es\/el-proyecto\/\",\"url\":\"https:\/\/xantala.es\/el-proyecto\/\",\"name\":\"El proyecto\"}},{\"@type\":\"ListItem\",\"position\":3,\"item\":{\"@type\":\"WebPage\",\"@id\":\"https:\/\/xantala.es\/el-proyecto\/espaci-educacion-libre-barcelona\/\",\"url\":\"https:\/\/xantala.es\/el-proyecto\/espaci-educacion-libre-barcelona\/\",\"name\":\"Espacio Matinal\"}},{\"@type\":\"ListItem\",\"position\":4,\"item\":{\"@type\":\"WebPage\",\"@id\":\"https:\/\/xantala.es\/el-proyecto\/espaci-educacion-libre-barcelona\/equipo-pedagogico-de-xantala\/\",\"url\":\"https:\/\/xantala.es\/el-proyecto\/espaci-educacion-libre-barcelona\/equipo-pedagogico-de-xantala\/\",\"name\":\"Equip pedag\\u00f2gic\"}}]}]}<\/script>\n<!-- \/ Yoast SEO plugin. -->","_links":{"self":[{"href":"https:\/\/xantala.es\/es\/wp-json\/wp\/v2\/pages\/2091"}],"collection":[{"href":"https:\/\/xantala.es\/es\/wp-json\/wp\/v2\/pages"}],"about":[{"href":"https:\/\/xantala.es\/es\/wp-json\/wp\/v2\/types\/page"}],"author":[{"embeddable":true,"href":"https:\/\/xantala.es\/es\/wp-json\/wp\/v2\/users\/2"}],"replies":[{"embeddable":true,"href":"https:\/\/xantala.es\/es\/wp-json\/wp\/v2\/comments?post=2091"}],"version-history":[{"count":17,"href":"https:\/\/xantala.es\/es\/wp-json\/wp\/v2\/pages\/2091\/revisions"}],"predecessor-version":[{"id":3217,"href":"https:\/\/xantala.es\/es\/wp-json\/wp\/v2\/pages\/2091\/revisions\/3217"}],"up":[{"embeddable":true,"href":"https:\/\/xantala.es\/es\/wp-json\/wp\/v2\/pages\/90"}],"wp:attachment":[{"href":"https:\/\/xantala.es\/es\/wp-json\/wp\/v2\/media?parent=2091"}],"curies":[{"name":"wp","href":"https:\/\/api.w.org\/{rel}","templated":true}]}}