{"id":1930,"date":"2012-11-18T12:03:16","date_gmt":"2012-11-18T12:03:16","guid":{"rendered":"http:\/\/estrategiasenlared.com\/xantalaweb\/?page_id=260"},"modified":"2012-11-18T12:03:16","modified_gmt":"2012-11-18T12:03:16","slug":"un-dia-en-nuestro-espacio-de-educacion-viva-en-poblenou-xantala","status":"publish","type":"page","link":"https:\/\/xantala.es\/es\/un-dia-en-nuestro-espacio-de-educacion-viva-en-poblenou-xantala\/","title":{"rendered":"Un d\u00eda en Xantala"},"content":{"rendered":"<p><\/p>\n<p style=\"text-align: center;\"><img decoding=\"async\" width=\"480\" height=\"319\" class=\"aligncenter wp-image-261\" title=\"001-entrada\" src=\"http:\/\/xantala.es\/wp-content\/uploads\/2012\/11\/001-entrada.jpg\" alt=\"\" srcset=\"https:\/\/xantala.es\/wp-content\/uploads\/2012\/11\/001-entrada.jpg 480w, https:\/\/xantala.es\/wp-content\/uploads\/2012\/11\/001-entrada-300x199.jpg 300w\" sizes=\"(max-width: 480px) 100vw, 480px\" \/><img decoding=\"async\" width=\"480\" height=\"319\" class=\"aligncenter wp-image-266\" title=\"002-assamblea\" src=\"http:\/\/xantala.es\/wp-content\/uploads\/2012\/11\/002-assamblea.jpg\" alt=\"\" srcset=\"https:\/\/xantala.es\/wp-content\/uploads\/2012\/11\/002-assamblea.jpg 480w, https:\/\/xantala.es\/wp-content\/uploads\/2012\/11\/002-assamblea-300x199.jpg 300w\" sizes=\"(max-width: 480px) 100vw, 480px\" \/><\/p>\n<p style=\"text-align: center;\"><img decoding=\"async\" width=\"480\" height=\"319\" class=\"aligncenter wp-image-271\" title=\"003-caseta\" src=\"http:\/\/xantala.es\/wp-content\/uploads\/2012\/11\/003-caseta.jpg\" alt=\"\" srcset=\"https:\/\/xantala.es\/wp-content\/uploads\/2012\/11\/003-caseta.jpg 480w, https:\/\/xantala.es\/wp-content\/uploads\/2012\/11\/003-caseta-300x199.jpg 300w\" sizes=\"(max-width: 480px) 100vw, 480px\" \/><img decoding=\"async\" width=\"480\" height=\"319\" class=\"aligncenter wp-image-272\" title=\"003-saltos\" src=\"http:\/\/xantala.es\/wp-content\/uploads\/2012\/11\/003-saltos.jpg\" alt=\"\" srcset=\"https:\/\/xantala.es\/wp-content\/uploads\/2012\/11\/003-saltos.jpg 480w, https:\/\/xantala.es\/wp-content\/uploads\/2012\/11\/003-saltos-300x199.jpg 300w\" sizes=\"(max-width: 480px) 100vw, 480px\" \/><img decoding=\"async\" width=\"480\" height=\"319\" class=\"aligncenter wp-image-273\" title=\"005-baile\" src=\"http:\/\/xantala.es\/wp-content\/uploads\/2012\/11\/005-baile.jpg\" alt=\"\" srcset=\"https:\/\/xantala.es\/wp-content\/uploads\/2012\/11\/005-baile.jpg 480w, https:\/\/xantala.es\/wp-content\/uploads\/2012\/11\/005-baile-300x199.jpg 300w\" sizes=\"(max-width: 480px) 100vw, 480px\" \/><img decoding=\"async\" width=\"480\" height=\"319\" class=\"aligncenter wp-image-274\" title=\"007-agua\" src=\"http:\/\/xantala.es\/wp-content\/uploads\/2012\/11\/007-agua.jpg\" alt=\"\" srcset=\"https:\/\/xantala.es\/wp-content\/uploads\/2012\/11\/007-agua.jpg 480w, https:\/\/xantala.es\/wp-content\/uploads\/2012\/11\/007-agua-300x199.jpg 300w\" sizes=\"(max-width: 480px) 100vw, 480px\" \/><img decoding=\"async\" width=\"480\" height=\"319\" class=\"aligncenter wp-image-275\" title=\"008-pati\" src=\"http:\/\/xantala.es\/wp-content\/uploads\/2012\/11\/008-pati.jpg\" alt=\"\" srcset=\"https:\/\/xantala.es\/wp-content\/uploads\/2012\/11\/008-pati.jpg 480w, https:\/\/xantala.es\/wp-content\/uploads\/2012\/11\/008-pati-300x199.jpg 300w\" sizes=\"(max-width: 480px) 100vw, 480px\" \/><\/p>\n<p style=\"text-align: center;\"><img decoding=\"async\" width=\"480\" height=\"319\" class=\"aligncenter wp-image-282\" title=\"014-dia-xantala\" src=\"http:\/\/xantala.es\/wp-content\/uploads\/2012\/11\/014-dia-xantala.jpg\" alt=\"\" srcset=\"https:\/\/xantala.es\/wp-content\/uploads\/2012\/11\/014-dia-xantala.jpg 480w, https:\/\/xantala.es\/wp-content\/uploads\/2012\/11\/014-dia-xantala-300x199.jpg 300w\" sizes=\"(max-width: 480px) 100vw, 480px\" \/><img decoding=\"async\" width=\"480\" height=\"319\" class=\"aligncenter wp-image-276\" title=\"009\" src=\"http:\/\/xantala.es\/wp-content\/uploads\/2012\/11\/009.jpg\" alt=\"\" srcset=\"https:\/\/xantala.es\/wp-content\/uploads\/2012\/11\/009.jpg 480w, https:\/\/xantala.es\/wp-content\/uploads\/2012\/11\/009-300x199.jpg 300w\" sizes=\"(max-width: 480px) 100vw, 480px\" \/><img decoding=\"async\" width=\"480\" height=\"319\" class=\"aligncenter wp-image-277\" title=\"013-dia-xantala\" src=\"http:\/\/xantala.es\/wp-content\/uploads\/2012\/11\/013-dia-xantala.jpg\" alt=\"\" srcset=\"https:\/\/xantala.es\/wp-content\/uploads\/2012\/11\/013-dia-xantala.jpg 480w, https:\/\/xantala.es\/wp-content\/uploads\/2012\/11\/013-dia-xantala-300x199.jpg 300w\" sizes=\"(max-width: 480px) 100vw, 480px\" \/><img decoding=\"async\" width=\"480\" height=\"319\" class=\"aligncenter wp-image-278\" title=\"016-dia-xantala\" src=\"http:\/\/xantala.es\/wp-content\/uploads\/2012\/11\/016-dia-xantala.jpg\" alt=\"\" srcset=\"https:\/\/xantala.es\/wp-content\/uploads\/2012\/11\/016-dia-xantala.jpg 480w, https:\/\/xantala.es\/wp-content\/uploads\/2012\/11\/016-dia-xantala-300x199.jpg 300w\" sizes=\"(max-width: 480px) 100vw, 480px\" \/><img decoding=\"async\" width=\"480\" height=\"319\" class=\"aligncenter wp-image-279\" title=\"015-dia-xantala\" src=\"http:\/\/xantala.es\/wp-content\/uploads\/2012\/11\/015-dia-xantala.jpg\" alt=\"\" srcset=\"https:\/\/xantala.es\/wp-content\/uploads\/2012\/11\/015-dia-xantala.jpg 480w, https:\/\/xantala.es\/wp-content\/uploads\/2012\/11\/015-dia-xantala-300x199.jpg 300w\" sizes=\"(max-width: 480px) 100vw, 480px\" \/><img decoding=\"async\" width=\"480\" height=\"319\" class=\"aligncenter wp-image-280\" title=\"010\" src=\"http:\/\/xantala.es\/wp-content\/uploads\/2012\/11\/010.jpg\" alt=\"\" srcset=\"https:\/\/xantala.es\/wp-content\/uploads\/2012\/11\/010.jpg 480w, https:\/\/xantala.es\/wp-content\/uploads\/2012\/11\/010-300x199.jpg 300w\" sizes=\"(max-width: 480px) 100vw, 480px\" \/><img decoding=\"async\" width=\"480\" height=\"319\" class=\"aligncenter wp-image-281\" title=\"012\" src=\"http:\/\/xantala.es\/wp-content\/uploads\/2012\/11\/012.jpg\" alt=\"\" srcset=\"https:\/\/xantala.es\/wp-content\/uploads\/2012\/11\/012.jpg 480w, https:\/\/xantala.es\/wp-content\/uploads\/2012\/11\/012-300x199.jpg 300w\" sizes=\"(max-width: 480px) 100vw, 480px\" \/><img decoding=\"async\" width=\"480\" height=\"319\" class=\"aligncenter wp-image-283\" title=\"17-dia-xantala\" src=\"http:\/\/xantala.es\/wp-content\/uploads\/2012\/11\/17-dia-xantala.jpg\" alt=\"\" srcset=\"https:\/\/xantala.es\/wp-content\/uploads\/2012\/11\/17-dia-xantala.jpg 480w, https:\/\/xantala.es\/wp-content\/uploads\/2012\/11\/17-dia-xantala-300x199.jpg 300w\" sizes=\"(max-width: 480px) 100vw, 480px\" \/><img decoding=\"async\" width=\"480\" height=\"319\" class=\"aligncenter wp-image-284\" title=\"18-dia-xantala\" src=\"http:\/\/xantala.es\/wp-content\/uploads\/2012\/11\/18-dia-xantala.jpg\" alt=\"\" srcset=\"https:\/\/xantala.es\/wp-content\/uploads\/2012\/11\/18-dia-xantala.jpg 480w, https:\/\/xantala.es\/wp-content\/uploads\/2012\/11\/18-dia-xantala-300x199.jpg 300w\" sizes=\"(max-width: 480px) 100vw, 480px\" \/><\/p>\n<p><\/p>","protected":false},"excerpt":{"rendered":"","protected":false},"author":1,"featured_media":0,"parent":0,"menu_order":0,"comment_status":"open","ping_status":"open","template":"","meta":{"footnotes":""},"yoast_head":"<!-- This site is optimized with the Yoast SEO plugin v15.9.1 - https:\/\/yoast.com\/wordpress\/plugins\/seo\/ -->\n<title>Un d\u00eda en Xantala -<\/title>\n<meta name=\"description\" content=\"Xantala es un espacio de Educaci\u00f3n Activa en Poblenou, aqu\u00ed te mostramos fotos de nuestro d\u00eda a d\u00eda.\" \/>\n<link rel=\"canonical\" href=\"https:\/\/xantala.es\/es\/un-dia-en-nuestro-espacio-de-educacion-viva-en-poblenou-xantala\/\" \/>\n<meta property=\"og:locale\" content=\"es_ES\" \/>\n<meta property=\"og:type\" content=\"article\" \/>\n<meta property=\"og:title\" content=\"Un d\u00eda en Xantala -\" \/>\n<meta property=\"og:description\" content=\"Xantala es un espacio de Educaci\u00f3n Activa en Poblenou, aqu\u00ed te mostramos fotos de nuestro d\u00eda a d\u00eda.\" \/>\n<meta property=\"og:url\" content=\"https:\/\/xantala.es\/es\/un-dia-en-nuestro-espacio-de-educacion-viva-en-poblenou-xantala\/\" \/>\n<meta property=\"og:image\" content=\"http:\/\/xantala.es\/wp-content\/uploads\/2012\/11\/001-entrada.jpg\" \/>\n<meta name=\"twitter:card\" content=\"summary_large_image\" \/>\n<script type=\"application\/ld+json\" class=\"yoast-schema-graph\">{\"@context\":\"https:\/\/schema.org\",\"@graph\":[{\"@type\":\"WebSite\",\"@id\":\"https:\/\/xantala.es\/#website\",\"url\":\"https:\/\/xantala.es\/\",\"name\":\"\",\"description\":\"\",\"potentialAction\":[{\"@type\":\"SearchAction\",\"target\":\"https:\/\/xantala.es\/?s={search_term_string}\",\"query-input\":\"required name=search_term_string\"}],\"inLanguage\":\"es\"},{\"@type\":\"ImageObject\",\"@id\":\"https:\/\/xantala.es\/es\/un-dia-en-nuestro-espacio-de-educacion-viva-en-poblenou-xantala\/#primaryimage\",\"inLanguage\":\"es\",\"url\":\"http:\/\/xantala.es\/wp-content\/uploads\/2012\/11\/001-entrada.jpg\"},{\"@type\":\"WebPage\",\"@id\":\"https:\/\/xantala.es\/es\/un-dia-en-nuestro-espacio-de-educacion-viva-en-poblenou-xantala\/#webpage\",\"url\":\"https:\/\/xantala.es\/es\/un-dia-en-nuestro-espacio-de-educacion-viva-en-poblenou-xantala\/\",\"name\":\"Un d\\u00eda en Xantala -\",\"isPartOf\":{\"@id\":\"https:\/\/xantala.es\/#website\"},\"primaryImageOfPage\":{\"@id\":\"https:\/\/xantala.es\/es\/un-dia-en-nuestro-espacio-de-educacion-viva-en-poblenou-xantala\/#primaryimage\"},\"datePublished\":\"2012-11-18T12:03:16+00:00\",\"dateModified\":\"2012-11-18T12:03:16+00:00\",\"description\":\"Xantala es un espacio de Educaci\\u00f3n Activa en Poblenou, aqu\\u00ed te mostramos fotos de nuestro d\\u00eda a d\\u00eda.\",\"breadcrumb\":{\"@id\":\"https:\/\/xantala.es\/es\/un-dia-en-nuestro-espacio-de-educacion-viva-en-poblenou-xantala\/#breadcrumb\"},\"inLanguage\":\"es\",\"potentialAction\":[{\"@type\":\"ReadAction\",\"target\":[\"https:\/\/xantala.es\/es\/un-dia-en-nuestro-espacio-de-educacion-viva-en-poblenou-xantala\/\"]}]},{\"@type\":\"BreadcrumbList\",\"@id\":\"https:\/\/xantala.es\/es\/un-dia-en-nuestro-espacio-de-educacion-viva-en-poblenou-xantala\/#breadcrumb\",\"itemListElement\":[{\"@type\":\"ListItem\",\"position\":1,\"item\":{\"@type\":\"WebPage\",\"@id\":\"https:\/\/xantala.es\/\",\"url\":\"https:\/\/xantala.es\/\",\"name\":\"Inici\"}},{\"@type\":\"ListItem\",\"position\":2,\"item\":{\"@type\":\"WebPage\",\"@id\":\"https:\/\/xantala.es\/es\/un-dia-en-nuestro-espacio-de-educacion-viva-en-poblenou-xantala\/\",\"url\":\"https:\/\/xantala.es\/es\/un-dia-en-nuestro-espacio-de-educacion-viva-en-poblenou-xantala\/\",\"name\":\"Un d\\u00eda en Xantala\"}}]}]}<\/script>\n<!-- \/ Yoast SEO plugin. -->","_links":{"self":[{"href":"https:\/\/xantala.es\/es\/wp-json\/wp\/v2\/pages\/1930"}],"collection":[{"href":"https:\/\/xantala.es\/es\/wp-json\/wp\/v2\/pages"}],"about":[{"href":"https:\/\/xantala.es\/es\/wp-json\/wp\/v2\/types\/page"}],"author":[{"embeddable":true,"href":"https:\/\/xantala.es\/es\/wp-json\/wp\/v2\/users\/1"}],"replies":[{"embeddable":true,"href":"https:\/\/xantala.es\/es\/wp-json\/wp\/v2\/comments?post=1930"}],"version-history":[{"count":0,"href":"https:\/\/xantala.es\/es\/wp-json\/wp\/v2\/pages\/1930\/revisions"}],"wp:attachment":[{"href":"https:\/\/xantala.es\/es\/wp-json\/wp\/v2\/media?parent=1930"}],"curies":[{"name":"wp","href":"https:\/\/api.w.org\/{rel}","templated":true}]}}