{"id":1929,"date":"2012-11-18T11:25:32","date_gmt":"2012-11-18T11:25:32","guid":{"rendered":"http:\/\/estrategiasenlared.com\/xantalaweb\/?page_id=249"},"modified":"2012-11-18T11:25:32","modified_gmt":"2012-11-18T11:25:32","slug":"preguntas-frecuentes","status":"publish","type":"page","link":"https:\/\/xantala.es\/es\/preguntas-frecuentes\/","title":{"rendered":"Preguntas frecuentes"},"content":{"rendered":"<p>Recopilamos las preguntas que nos hacen con m\u00e1s frecuencia las familias interesadas en formar parte de la Escoleta de Educaci\u00f3n Libre Xantala.<\/p>\n<h6><span style=\"color: #808000;\">\u00bfCu\u00e1les son los condiciones para entrar en Xantala?<\/span><\/h6>\n<p>Los ni\u00f1os que empiezan Xantala deben tener 2 a\u00f1os cumplidos. Es importante que la familia se sienta en armon\u00eda con los principios de la crianza respetuosa y de la educaci\u00f3n libre. Pedimos a los padres la disponibilidad para acompa\u00f1ar a su hijo\/hija de forma presencial en el proceso de adaptaci\u00f3n.<\/p>\n<h6><span style=\"color: #808000;\">\u00bfC\u00f3mo es el proceso de adaptaci\u00f3n y cuanto tiempo puede durar?<\/span><\/h6>\n<p>Cada ni\u00f1o vive la separaci\u00f3n de sus padres de manera diferente, y nosotros intentamos abordar este proceso de forma individual con cada familia. El \u00fanico consejos que podemos dar es&#8230; no tener prisa y disponer del tiempo suficiente para garantizar a los ni\u00f1os vuestra presencia y vuestro apoyo siempre que lo necesiten.<\/p>\n<h6><span style=\"color: #808000;\">\u00bfCu\u00e1l es la implicaci\u00f3n de las familias en el funcionamiento de Xantala? \u00bfDebo disponer de mucho tiempo para poder afrontarla?<\/span><\/h6>\n<p>Xantala es una asociaci\u00f3n y no podr\u00eda funcionar sin la implicaci\u00f3n de las familias. No se exige un tiempo concreto, intentamos repartir las tareas seg\u00fan la disponibilidad, los intereses y las habilidades de cada familia.<\/p>\n<p>Si quieres obtener m\u00e1s informaci\u00f3n sobre los horarios, los costes, la alimentaci\u00f3n, etc. env\u00edanos un mail a <a title=\"envia un mail a Xantala\" href=\"mailto:info@xantala.es\">info@xantala.es<\/a><\/p>","protected":false},"excerpt":{"rendered":"<p>Recopilamos las preguntas que nos hacen con m\u00e1s frecuencia las familias interesadas en formar parte de la Escoleta de Educaci\u00f3n Libre Xantala. \u00bfCu\u00e1les son los condiciones para entrar en Xantala? Los ni\u00f1os que empiezan Xantala deben tener 2 a\u00f1os cumplidos. Es importante que la familia se sienta en armon\u00eda con los principios de la crianza &hellip; <\/p>\n<p class=\"link-more\"><a href=\"https:\/\/xantala.es\/es\/preguntas-frecuentes\/\" class=\"more-link\">Continuar leyendo<span class=\"screen-reader-text\"> \u00abPreguntas frecuentes\u00bb<\/span><\/a><\/p>\n","protected":false},"author":1,"featured_media":0,"parent":0,"menu_order":0,"comment_status":"open","ping_status":"open","template":"","meta":{"footnotes":""},"yoast_head":"<!-- This site is optimized with the Yoast SEO plugin v15.9.1 - https:\/\/yoast.com\/wordpress\/plugins\/seo\/ -->\n<title>Preguntas frecuentes sobre la Escoleta de Educaci\u00f3n Libre |Xantala<\/title>\n<meta name=\"description\" content=\"Recopilamos las preguntas que nos hacen con m\u00e1s frecuencia las familias interesadas en formar parte de la Escoleta de Educaci\u00f3n Libre Xantala.\" \/>\n<link rel=\"canonical\" href=\"https:\/\/xantala.es\/es\/preguntas-frecuentes\/\" \/>\n<meta property=\"og:locale\" content=\"es_ES\" \/>\n<meta property=\"og:type\" content=\"article\" \/>\n<meta property=\"og:title\" content=\"Preguntas frecuentes sobre la Escoleta de Educaci\u00f3n Libre |Xantala\" \/>\n<meta property=\"og:description\" content=\"Recopilamos las preguntas que nos hacen con m\u00e1s frecuencia las familias interesadas en formar parte de la Escoleta de Educaci\u00f3n Libre Xantala.\" \/>\n<meta property=\"og:url\" content=\"https:\/\/xantala.es\/es\/preguntas-frecuentes\/\" \/>\n<meta name=\"twitter:card\" content=\"summary_large_image\" \/>\n<meta name=\"twitter:label1\" content=\"Tiempo de lectura\">\n\t<meta name=\"twitter:data1\" content=\"6 minutos\">\n<script type=\"application\/ld+json\" class=\"yoast-schema-graph\">{\"@context\":\"https:\/\/schema.org\",\"@graph\":[{\"@type\":\"WebSite\",\"@id\":\"https:\/\/xantala.es\/#website\",\"url\":\"https:\/\/xantala.es\/\",\"name\":\"\",\"description\":\"\",\"potentialAction\":[{\"@type\":\"SearchAction\",\"target\":\"https:\/\/xantala.es\/?s={search_term_string}\",\"query-input\":\"required name=search_term_string\"}],\"inLanguage\":\"es\"},{\"@type\":\"WebPage\",\"@id\":\"https:\/\/xantala.es\/es\/preguntas-frecuentes\/#webpage\",\"url\":\"https:\/\/xantala.es\/es\/preguntas-frecuentes\/\",\"name\":\"Preguntas frecuentes sobre la Escoleta de Educaci\\u00f3n Libre |Xantala\",\"isPartOf\":{\"@id\":\"https:\/\/xantala.es\/#website\"},\"datePublished\":\"2012-11-18T11:25:32+00:00\",\"dateModified\":\"2012-11-18T11:25:32+00:00\",\"description\":\"Recopilamos las preguntas que nos hacen con m\\u00e1s frecuencia las familias interesadas en formar parte de la Escoleta de Educaci\\u00f3n Libre Xantala.\",\"breadcrumb\":{\"@id\":\"https:\/\/xantala.es\/es\/preguntas-frecuentes\/#breadcrumb\"},\"inLanguage\":\"es\",\"potentialAction\":[{\"@type\":\"ReadAction\",\"target\":[\"https:\/\/xantala.es\/es\/preguntas-frecuentes\/\"]}]},{\"@type\":\"BreadcrumbList\",\"@id\":\"https:\/\/xantala.es\/es\/preguntas-frecuentes\/#breadcrumb\",\"itemListElement\":[{\"@type\":\"ListItem\",\"position\":1,\"item\":{\"@type\":\"WebPage\",\"@id\":\"https:\/\/xantala.es\/\",\"url\":\"https:\/\/xantala.es\/\",\"name\":\"Inici\"}},{\"@type\":\"ListItem\",\"position\":2,\"item\":{\"@type\":\"WebPage\",\"@id\":\"https:\/\/xantala.es\/es\/preguntas-frecuentes\/\",\"url\":\"https:\/\/xantala.es\/es\/preguntas-frecuentes\/\",\"name\":\"Preguntas frecuentes\"}}]}]}<\/script>\n<!-- \/ Yoast SEO plugin. -->","_links":{"self":[{"href":"https:\/\/xantala.es\/es\/wp-json\/wp\/v2\/pages\/1929"}],"collection":[{"href":"https:\/\/xantala.es\/es\/wp-json\/wp\/v2\/pages"}],"about":[{"href":"https:\/\/xantala.es\/es\/wp-json\/wp\/v2\/types\/page"}],"author":[{"embeddable":true,"href":"https:\/\/xantala.es\/es\/wp-json\/wp\/v2\/users\/1"}],"replies":[{"embeddable":true,"href":"https:\/\/xantala.es\/es\/wp-json\/wp\/v2\/comments?post=1929"}],"version-history":[{"count":0,"href":"https:\/\/xantala.es\/es\/wp-json\/wp\/v2\/pages\/1929\/revisions"}],"wp:attachment":[{"href":"https:\/\/xantala.es\/es\/wp-json\/wp\/v2\/media?parent=1929"}],"curies":[{"name":"wp","href":"https:\/\/api.w.org\/{rel}","templated":true}]}}