{"id":1839,"date":"2019-09-01T15:42:45","date_gmt":"2019-09-01T14:42:45","guid":{"rendered":"https:\/\/xantala.es\/?page_id=1839"},"modified":"2021-03-07T18:08:40","modified_gmt":"2021-03-07T17:08:40","slug":"testimonios","status":"publish","type":"page","link":"https:\/\/xantala.es\/es\/testimonios\/","title":{"rendered":"Testimonios"},"content":{"rendered":"<p><\/p>\n<h2>De las familias del proyecto<\/h2>\n<div class=\"bg\">\u00abMarxem f\u00edsicament perqu\u00e8 la nostra \u00e0nima la deixem aqu\u00ed a Xantala. Amb un GR\u00c0CIES inmens i gegant. Pel tracte de la direcci\u00f3, dels educadors, de les fam\u00edlies i dels nens, si es que aqu\u00ed es pot fer una distinci\u00f3 com aquesta. Perqu\u00e8 despr\u00e9s d&#8217;un any puc dir que Xantala \u00e9s una comunitat, una tribu, una fam\u00edlia de la qual estic orgull\u00f3s d&#8217;haver-ne format part.<br \/>\nGr\u00e0cies per haver-nos fer cr\u00e9ixer, a en Pol i tamb\u00e9 a nosaltres, per tanta paci\u00e8ncia i cura en acompanyar les emocions d&#8217;en Pol. No sabeu el que sento quan en Pol em diu que si la Bruna el pega quan sigui gran, li posar\u00e0 la m\u00e0 i li dir\u00e0 \u00abBruna no m&#8217;agrada\u00bb. Detalls com aquest expliquen la feina que feu i em fan sentir que Xantala no \u00e9s el m\u00f3n per\u00f2 que el m\u00f3n seria infinitament millor si fos com Xantala. No en tinc cap dubte.\u00bb<\/div>\n<p>&nbsp;<\/p>\n<div class=\"bg\">\u00abNom\u00e9s puc dir GR\u00c0CIES, les gr\u00e0cies m\u00e9s fortes i grans que em surten, per haver acompanyat, respectat i facilitat la sortida del Pol al m\u00f3n, la seva primera interacci\u00f3n m\u00e9s enll\u00e0 del papa i la mama, aquest moment tan fr\u00e0gil i delicat, que ha estat tractat amb la milor suavitat i paci\u00e8ncia del m\u00f3n.<br \/>\nMai oblidar\u00e9 les persones que han estat al costat del que m\u00e9s estimo al m\u00f3n, els meus fills.\u00bb<\/div>\n<p>&nbsp;<\/p>\n<h2>De los alumnos de la trans-FORMACI\u00d3N<\/h2>\n<div class=\"bg\">\u00abEn los m\u00f3dulos de la formaci\u00f3n estoy aprendiendo much\u00edsimo, tanto de los que los imparten como de las compa\u00f1eras, pero nunca llegu\u00e9 a imaginarme que gracias al consejo de una educadora y de la respuesta tan contundente de los propios ni\u00f1os y ni\u00f1as se activaran en m\u00ed sentimientos de frustraci\u00f3n pero luego de enorme gratitud por ense\u00f1arme a mirar al ni\u00f1o desde el lugar que me corresponde para poder observarle y entregarle una relaci\u00f3n m\u00e1s sana, equilibrada y respetuosa.\u00bb<\/div>\n<p>&nbsp;<\/p>\n<div class=\"bg\">\u00abM&#8217;he endut moltes coses, conectar amb mi mateixa, entendre&#8217;m i sentir-me entesa. Tamb\u00e9 noves maneres de mirar l&#8217;infant i d&#8217;entendre&#8217;l. Ha estat un espai on m&#8217;he sentit escoltada i respectada. On he pogut viure tot a trav\u00e9s del cos\/din\u00e0miques que despr\u00e8s han ajudat a entendre les paraules.\u00bb<\/div>\n<p>&nbsp;<\/p>\n<div class=\"bg\">\u00abUn espai on retrobar-me, conectar-me, mirar-me i poder trobar, conectar i mirar la meva filla i a mi mateixa amb m\u00e9s conci\u00e8ncia. He trobat moltes eines i he pogut anar construint una identitat d&#8217;acompanyant molt m\u00e9s conscient i respectuosa dels processos.\u00bb<\/div>\n<p>&nbsp;<\/p>\n<div class=\"bg\">\u00abEl treball grupal, potser en moments m&#8217;ha costat. S\u00f3c del tipus t\u00edmida i em costa no pensar en qu\u00e8 pensaran els altres. Per\u00f2 m&#8217;agrada posar-me a prova per aprendre. M&#8217;ha agradat molt poder afluixar-me, deixar-me anar i expressar-me. I sentir amb les din\u00e0miques. Aprendre a trav\u00e9s de sentir, de viure les coses.\u00bb<\/div>\n<p>&nbsp;<\/p>","protected":false},"excerpt":{"rendered":"<p>De las familias del proyecto \u00abMarxem f\u00edsicament perqu\u00e8 la nostra \u00e0nima la deixem aqu\u00ed a Xantala. Amb un GR\u00c0CIES inmens i gegant. Pel tracte de la direcci\u00f3, dels educadors, de les fam\u00edlies i dels nens, si es que aqu\u00ed es pot fer una distinci\u00f3 com aquesta. Perqu\u00e8 despr\u00e9s d&#8217;un any puc dir que Xantala \u00e9s &hellip; <\/p>\n<p class=\"link-more\"><a href=\"https:\/\/xantala.es\/es\/testimonios\/\" class=\"more-link\">Continuar leyendo<span class=\"screen-reader-text\"> \u00abTestimonios\u00bb<\/span><\/a><\/p>\n","protected":false},"author":2,"featured_media":2582,"parent":0,"menu_order":0,"comment_status":"closed","ping_status":"closed","template":"","meta":{"footnotes":""},"yoast_head":"<!-- This site is optimized with the Yoast SEO plugin v15.9.1 - https:\/\/yoast.com\/wordpress\/plugins\/seo\/ -->\n<title>Testimonis Escoleta Educaci\u00f3 Viva Poblenou | Xantala<\/title>\n<meta name=\"description\" content=\"Aquestos s\u00f3n testimonis de fam\u00edlies del projecte i de alumnes del curs de trans-FORMACI\u00d3, la seva experi\u00e9ncia a Xantala, Educaci\u00f3 Lliure a Barcelona.\" \/>\n<link rel=\"canonical\" href=\"https:\/\/xantala.es\/testimonios\/\" \/>\n<meta property=\"og:locale\" content=\"es_ES\" \/>\n<meta property=\"og:type\" content=\"article\" \/>\n<meta property=\"og:title\" content=\"Testimonis Escoleta Educaci\u00f3 Viva Poblenou | Xantala\" \/>\n<meta property=\"og:description\" content=\"Aquestos s\u00f3n testimonis de fam\u00edlies del projecte i de alumnes del curs de trans-FORMACI\u00d3, la seva experi\u00e9ncia a Xantala, Educaci\u00f3 Lliure a Barcelona.\" \/>\n<meta property=\"og:url\" content=\"https:\/\/xantala.es\/testimonios\/\" \/>\n<meta property=\"article:modified_time\" content=\"2021-03-07T17:08:40+00:00\" \/>\n<meta property=\"og:image\" content=\"https:\/\/xantala.es\/wp-content\/uploads\/2021\/03\/educacion-libre-xantala-testimonio.jpg\" \/>\n\t<meta property=\"og:image:width\" content=\"1100\" \/>\n\t<meta property=\"og:image:height\" content=\"733\" \/>\n<meta name=\"twitter:card\" content=\"summary_large_image\" \/>\n<meta name=\"twitter:label1\" content=\"Tiempo de lectura\">\n\t<meta name=\"twitter:data1\" content=\"4 minutos\">\n<script type=\"application\/ld+json\" class=\"yoast-schema-graph\">{\"@context\":\"https:\/\/schema.org\",\"@graph\":[{\"@type\":\"WebSite\",\"@id\":\"https:\/\/xantala.es\/#website\",\"url\":\"https:\/\/xantala.es\/\",\"name\":\"\",\"description\":\"\",\"potentialAction\":[{\"@type\":\"SearchAction\",\"target\":\"https:\/\/xantala.es\/?s={search_term_string}\",\"query-input\":\"required name=search_term_string\"}],\"inLanguage\":\"es\"},{\"@type\":\"ImageObject\",\"@id\":\"https:\/\/xantala.es\/testimonios\/#primaryimage\",\"inLanguage\":\"es\",\"url\":\"https:\/\/xantala.es\/wp-content\/uploads\/2021\/03\/educacion-libre-xantala-testimonio.jpg\",\"width\":1100,\"height\":733,\"caption\":\"educaci\\u00f3n libre xantala testimimonio\"},{\"@type\":\"WebPage\",\"@id\":\"https:\/\/xantala.es\/testimonios\/#webpage\",\"url\":\"https:\/\/xantala.es\/testimonios\/\",\"name\":\"Testimonis Escoleta Educaci\\u00f3 Viva Poblenou | Xantala\",\"isPartOf\":{\"@id\":\"https:\/\/xantala.es\/#website\"},\"primaryImageOfPage\":{\"@id\":\"https:\/\/xantala.es\/testimonios\/#primaryimage\"},\"datePublished\":\"2019-09-01T14:42:45+00:00\",\"dateModified\":\"2021-03-07T17:08:40+00:00\",\"description\":\"Aquestos s\\u00f3n testimonis de fam\\u00edlies del projecte i de alumnes del curs de trans-FORMACI\\u00d3, la seva experi\\u00e9ncia a Xantala, Educaci\\u00f3 Lliure a Barcelona.\",\"breadcrumb\":{\"@id\":\"https:\/\/xantala.es\/testimonios\/#breadcrumb\"},\"inLanguage\":\"es\",\"potentialAction\":[{\"@type\":\"ReadAction\",\"target\":[\"https:\/\/xantala.es\/testimonios\/\"]}]},{\"@type\":\"BreadcrumbList\",\"@id\":\"https:\/\/xantala.es\/testimonios\/#breadcrumb\",\"itemListElement\":[{\"@type\":\"ListItem\",\"position\":1,\"item\":{\"@type\":\"WebPage\",\"@id\":\"https:\/\/xantala.es\/\",\"url\":\"https:\/\/xantala.es\/\",\"name\":\"Inici\"}},{\"@type\":\"ListItem\",\"position\":2,\"item\":{\"@type\":\"WebPage\",\"@id\":\"https:\/\/xantala.es\/testimonios\/\",\"url\":\"https:\/\/xantala.es\/testimonios\/\",\"name\":\"Testimonios\"}}]}]}<\/script>\n<!-- \/ Yoast SEO plugin. -->","_links":{"self":[{"href":"https:\/\/xantala.es\/es\/wp-json\/wp\/v2\/pages\/1839"}],"collection":[{"href":"https:\/\/xantala.es\/es\/wp-json\/wp\/v2\/pages"}],"about":[{"href":"https:\/\/xantala.es\/es\/wp-json\/wp\/v2\/types\/page"}],"author":[{"embeddable":true,"href":"https:\/\/xantala.es\/es\/wp-json\/wp\/v2\/users\/2"}],"replies":[{"embeddable":true,"href":"https:\/\/xantala.es\/es\/wp-json\/wp\/v2\/comments?post=1839"}],"version-history":[{"count":14,"href":"https:\/\/xantala.es\/es\/wp-json\/wp\/v2\/pages\/1839\/revisions"}],"predecessor-version":[{"id":2583,"href":"https:\/\/xantala.es\/es\/wp-json\/wp\/v2\/pages\/1839\/revisions\/2583"}],"wp:featuredmedia":[{"embeddable":true,"href":"https:\/\/xantala.es\/es\/wp-json\/wp\/v2\/media\/2582"}],"wp:attachment":[{"href":"https:\/\/xantala.es\/es\/wp-json\/wp\/v2\/media?parent=1839"}],"curies":[{"name":"wp","href":"https:\/\/api.w.org\/{rel}","templated":true}]}}