{"id":2367,"date":"2021-02-02T22:18:18","date_gmt":"2021-02-02T21:18:18","guid":{"rendered":"https:\/\/xantala.es\/?page_id=2367"},"modified":"2025-02-13T11:51:13","modified_gmt":"2025-02-13T10:51:13","slug":"el-proyecto","status":"publish","type":"page","link":"https:\/\/xantala.es\/ca\/el-proyecto\/","title":{"rendered":"Projecte"},"content":{"rendered":"<p><\/p>\n<p style=\"text-align: left;\"><span style=\"font-weight: 400;\">Xantala<\/span><span style=\"font-weight: 400;\"> \u00e9s una associaci\u00f3 sense \u00e0nim de lucre, Constitu\u00efda per un grup d\u2019educadores i fam\u00edlies. T\u00e9 com a finalitat l&#8217;acompanyament respectu\u00f3s de la crian\u00e7a, basant-se en els principis de l&#8217;educaci\u00f3 lliure. Se centra en l&#8217;etapa infantil, des dels 2 fins als 6 anys.<\/span><\/p>\n<p><a href=\"https:\/\/xantala.es\/wp-content\/uploads\/2021\/03\/escuela-educacion-libre-juego-1.jpg\"><img decoding=\"async\" class=\"aligncenter wp-image-2587 size-large\" title=\"escuela educaci\u00f3n libre juego\" src=\"https:\/\/xantala.es\/wp-content\/uploads\/2021\/03\/escuela-educacion-libre-juego-1-1024x682.jpg\" alt=\"escuela educaci\u00f3n libre juego\" width=\"525\" height=\"350\" srcset=\"https:\/\/xantala.es\/wp-content\/uploads\/2021\/03\/escuela-educacion-libre-juego-1-1024x682.jpg 1024w, https:\/\/xantala.es\/wp-content\/uploads\/2021\/03\/escuela-educacion-libre-juego-1-300x200.jpg 300w, https:\/\/xantala.es\/wp-content\/uploads\/2021\/03\/escuela-educacion-libre-juego-1-768x512.jpg 768w, https:\/\/xantala.es\/wp-content\/uploads\/2021\/03\/escuela-educacion-libre-juego-1.jpg 1100w\" sizes=\"(max-width: 525px) 100vw, 525px\" \/><\/a><\/p>\n<p><span style=\"font-weight: 400;\">La nostra principal proposta \u00e9s la d&#8217;acompanyar el lliure desenvolupament dels processos evolutius de les criatures. Entenem l&#8217;espai educatiu com un lloc perqu\u00e8 les nenes i nens puguin relacionar-se i conviure entre iguals, aix\u00ed com una oportunitat per a les fam\u00edlies de teixir xarxes entre elles.<\/span><\/p>\n<p>Aquest projecte neix el 2006, fundat per Marta Salsench i Alba del Cid, amb el suport de les seves fam\u00edlies com a alternativa a les escoles bressol tradicionals. Alba ho va continuar gestionant fins al 2009, per formar part de la Xarxa d&#8217;Educaci\u00f3 Lliure (Xell).<\/p>\n<p style=\"text-align: center;\"><a href=\"https:\/\/xantala.es\/wp-content\/uploads\/2025\/02\/IMG-20250213-WA0004.jpg\"><img decoding=\"async\" class=\"alignnone size-medium wp-image-3253\" src=\"https:\/\/xantala.es\/wp-content\/uploads\/2025\/02\/IMG-20250213-WA0004-300x169.jpg\" alt=\"\" width=\"300\" height=\"169\" srcset=\"https:\/\/xantala.es\/wp-content\/uploads\/2025\/02\/IMG-20250213-WA0004-300x169.jpg 300w, https:\/\/xantala.es\/wp-content\/uploads\/2025\/02\/IMG-20250213-WA0004-1024x576.jpg 1024w, https:\/\/xantala.es\/wp-content\/uploads\/2025\/02\/IMG-20250213-WA0004-768x432.jpg 768w, https:\/\/xantala.es\/wp-content\/uploads\/2025\/02\/IMG-20250213-WA0004.jpg 1280w\" sizes=\"(max-width: 300px) 100vw, 300px\" \/><\/a><\/p>\n<p><span style=\"font-weight: 400;\">Les fam\u00edlies, les acompanyants i totes les persones que en aquests anys han participat en el projecte l&#8217;han anat nodrint d&#8217;idees, aportacions, experi\u00e8ncies i coher\u00e8ncia durant la seva traject\u00f2ria.<\/span><\/p>\n<p><a href=\"https:\/\/xantala.es\/wp-content\/uploads\/2021\/09\/educacion-libre-juego-simbolico.jpg\"><img decoding=\"async\" class=\"aligncenter wp-image-2767 size-medium\" title=\"educaci\u00f3n libre juego simb\u00f3lico\" src=\"https:\/\/xantala.es\/wp-content\/uploads\/2021\/09\/educacion-libre-juego-simbolico-300x200.jpg\" alt=\"educaci\u00f3n libre juego simb\u00f3lico\" width=\"300\" height=\"200\" srcset=\"https:\/\/xantala.es\/wp-content\/uploads\/2021\/09\/educacion-libre-juego-simbolico-300x200.jpg 300w, https:\/\/xantala.es\/wp-content\/uploads\/2021\/09\/educacion-libre-juego-simbolico-1024x682.jpg 1024w, https:\/\/xantala.es\/wp-content\/uploads\/2021\/09\/educacion-libre-juego-simbolico-768x512.jpg 768w, https:\/\/xantala.es\/wp-content\/uploads\/2021\/09\/educacion-libre-juego-simbolico.jpg 1100w\" sizes=\"(max-width: 300px) 100vw, 300px\" \/><\/a><\/p>\n<p><span style=\"font-weight: 400;\">Xantala<\/span><span style=\"font-weight: 400;\"> \u00e9s, per tant, un lloc de trobada i creixement tant per a les criatures com per a les seves fam\u00edlies. Aix\u00ed, la seva pr\u00e0ctica es concreta en:<\/span><\/p>\n<ul>\n<li><span style=\"font-weight: 400;\">Oferir un plantejament educatiu amb <strong>pedagogia lliure i activa<\/strong> de qualitat.<\/span><\/li>\n<li><span style=\"font-weight: 400;\">Promoure espais per a la informaci\u00f3 i formaci\u00f3 de les fam\u00edlies sobre diferents <strong>eines d&#8217;acompanyament a la crian\u00e7a<\/strong> de manera conscient i respectuosa.<\/span><\/li>\n<li><span style=\"font-weight: 400;\">Promoure la <strong>formaci\u00f3 cont\u00ednua en educaci\u00f3 lliure i activa<\/strong>, a trav\u00e9s de xerrades i tallers i creant espais de recerca i intercanvi.<\/span><\/li>\n<li><span style=\"font-weight: 400;\">Incentivar l&#8217;intercanvi amb altres entitats educatives afins.<\/span><\/li>\n<li><span style=\"font-weight: 400;\">Promoure el reconeixement legal de <strong>l&#8217;educaci\u00f3 alternativa<\/strong> a trav\u00e9s de la nostra implicaci\u00f3 en la <\/span><a href=\"https:\/\/educaciolliure.org\/es\/\"><span style=\"font-weight: 400;\">Xell<\/span><\/a><span style=\"font-weight: 400;\"> (Xarxa d&#8217;Educaci\u00f3 Lliure).<\/span><\/li>\n<\/ul>\n<p><\/p>","protected":false},"excerpt":{"rendered":"<p>Xantala \u00e9s una associaci\u00f3 sense \u00e0nim de lucre, Constitu\u00efda per un grup d\u2019educadores i fam\u00edlies. T\u00e9 com a finalitat l&#8217;acompanyament respectu\u00f3s de la crian\u00e7a, basant-se en els principis de l&#8217;educaci\u00f3 lliure. Se centra en l&#8217;etapa infantil, des dels 2 fins als 6 anys. La nostra principal proposta \u00e9s la d&#8217;acompanyar el lliure desenvolupament dels processos &hellip; <\/p>\n<p class=\"link-more\"><a href=\"https:\/\/xantala.es\/ca\/el-proyecto\/\" class=\"more-link\">Continua llegint <span class=\"screen-reader-text\">\u00abProjecte\u00bb<\/span><\/a><\/p>\n","protected":false},"author":2,"featured_media":0,"parent":0,"menu_order":0,"comment_status":"closed","ping_status":"closed","template":"","meta":{"footnotes":""},"yoast_head":"<!-- This site is optimized with the Yoast SEO plugin v15.9.1 - https:\/\/yoast.com\/wordpress\/plugins\/seo\/ -->\n<title>Projecte -<\/title>\n<link rel=\"canonical\" href=\"https:\/\/xantala.es\/el-proyecto\/\" \/>\n<meta property=\"og:locale\" content=\"ca_ES\" \/>\n<meta property=\"og:type\" content=\"article\" \/>\n<meta property=\"og:title\" content=\"[:es]El proyecto[:ca]Projecte[:] -\" \/>\n<meta property=\"og:description\" content=\"Xantala \u00e9s una associaci\u00f3 sense \u00e0nim de lucre, Constitu\u00efda per un grup d\u2019educadores i fam\u00edlies. T\u00e9 com a finalitat l&#8217;acompanyament respectu\u00f3s de la crian\u00e7a, basant-se en els principis de l&#8217;educaci\u00f3 lliure. Se centra en l&#8217;etapa infantil, des dels 2 fins als 6 anys. La nostra principal proposta \u00e9s la d&#8217;acompanyar el lliure desenvolupament dels processos &hellip; Continua llegint \u00abProjecte\u00bb\" \/>\n<meta property=\"og:url\" content=\"https:\/\/xantala.es\/el-proyecto\/\" \/>\n<meta property=\"article:modified_time\" content=\"2025-02-13T10:51:13+00:00\" \/>\n<meta property=\"og:image\" content=\"https:\/\/xantala.es\/wp-content\/uploads\/2021\/03\/escuela-educacion-libre-juego-1-1024x682.jpg\" \/>\n<meta name=\"twitter:card\" content=\"summary_large_image\" \/>\n<meta name=\"twitter:label1\" content=\"Temps estimat de lectura\">\n\t<meta name=\"twitter:data1\" content=\"2 minuts\">\n<script type=\"application\/ld+json\" class=\"yoast-schema-graph\">{\"@context\":\"https:\/\/schema.org\",\"@graph\":[{\"@type\":\"WebSite\",\"@id\":\"https:\/\/xantala.es\/#website\",\"url\":\"https:\/\/xantala.es\/\",\"name\":\"\",\"description\":\"\",\"potentialAction\":[{\"@type\":\"SearchAction\",\"target\":\"https:\/\/xantala.es\/?s={search_term_string}\",\"query-input\":\"required name=search_term_string\"}],\"inLanguage\":\"ca\"},{\"@type\":\"ImageObject\",\"@id\":\"https:\/\/xantala.es\/el-proyecto\/#primaryimage\",\"inLanguage\":\"ca\",\"url\":\"https:\/\/xantala.es\/wp-content\/uploads\/2021\/03\/escuela-educacion-libre-juego-1.jpg\",\"width\":1100,\"height\":733,\"caption\":\"escuela educaci\\u00f3n libre juego\"},{\"@type\":\"WebPage\",\"@id\":\"https:\/\/xantala.es\/el-proyecto\/#webpage\",\"url\":\"https:\/\/xantala.es\/el-proyecto\/\",\"name\":\"[:es]El proyecto[:ca]Projecte[:] -\",\"isPartOf\":{\"@id\":\"https:\/\/xantala.es\/#website\"},\"primaryImageOfPage\":{\"@id\":\"https:\/\/xantala.es\/el-proyecto\/#primaryimage\"},\"datePublished\":\"2021-02-02T21:18:18+00:00\",\"dateModified\":\"2025-02-13T10:51:13+00:00\",\"breadcrumb\":{\"@id\":\"https:\/\/xantala.es\/el-proyecto\/#breadcrumb\"},\"inLanguage\":\"ca\",\"potentialAction\":[{\"@type\":\"ReadAction\",\"target\":[\"https:\/\/xantala.es\/el-proyecto\/\"]}]},{\"@type\":\"BreadcrumbList\",\"@id\":\"https:\/\/xantala.es\/el-proyecto\/#breadcrumb\",\"itemListElement\":[{\"@type\":\"ListItem\",\"position\":1,\"item\":{\"@type\":\"WebPage\",\"@id\":\"https:\/\/xantala.es\/\",\"url\":\"https:\/\/xantala.es\/\",\"name\":\"Inici\"}},{\"@type\":\"ListItem\",\"position\":2,\"item\":{\"@type\":\"WebPage\",\"@id\":\"https:\/\/xantala.es\/el-proyecto\/\",\"url\":\"https:\/\/xantala.es\/el-proyecto\/\",\"name\":\"El proyecto\"}}]}]}<\/script>\n<!-- \/ Yoast SEO plugin. -->","_links":{"self":[{"href":"https:\/\/xantala.es\/ca\/wp-json\/wp\/v2\/pages\/2367"}],"collection":[{"href":"https:\/\/xantala.es\/ca\/wp-json\/wp\/v2\/pages"}],"about":[{"href":"https:\/\/xantala.es\/ca\/wp-json\/wp\/v2\/types\/page"}],"author":[{"embeddable":true,"href":"https:\/\/xantala.es\/ca\/wp-json\/wp\/v2\/users\/2"}],"replies":[{"embeddable":true,"href":"https:\/\/xantala.es\/ca\/wp-json\/wp\/v2\/comments?post=2367"}],"version-history":[{"count":8,"href":"https:\/\/xantala.es\/ca\/wp-json\/wp\/v2\/pages\/2367\/revisions"}],"predecessor-version":[{"id":3254,"href":"https:\/\/xantala.es\/ca\/wp-json\/wp\/v2\/pages\/2367\/revisions\/3254"}],"wp:attachment":[{"href":"https:\/\/xantala.es\/ca\/wp-json\/wp\/v2\/media?parent=2367"}],"curies":[{"name":"wp","href":"https:\/\/api.w.org\/{rel}","templated":true}]}}