{"id":2359,"date":"2021-02-02T16:59:01","date_gmt":"2021-02-02T15:59:01","guid":{"rendered":"https:\/\/xantala.es\/?page_id=2359"},"modified":"2023-04-14T11:35:16","modified_gmt":"2023-04-14T10:35:16","slug":"puertas-abiertas-2","status":"publish","type":"page","link":"https:\/\/xantala.es\/ca\/puertas-abiertas-2\/","title":{"rendered":"CASAL DE SETMANA SANTA 2023"},"content":{"rendered":"<p>&nbsp;<\/p>\n<p><a href=\"https:\/\/xantala.es\/wp-content\/uploads\/2023\/02\/Diseno-sin-titulo-2.png\"><img decoding=\"async\" class=\"wp-image-3025 size-medium aligncenter\" src=\"https:\/\/xantala.es\/wp-content\/uploads\/2023\/02\/Diseno-sin-titulo-2-240x300.png\" alt=\"\" width=\"240\" height=\"300\" srcset=\"https:\/\/xantala.es\/wp-content\/uploads\/2023\/02\/Diseno-sin-titulo-2-240x300.png 240w, https:\/\/xantala.es\/wp-content\/uploads\/2023\/02\/Diseno-sin-titulo-2-819x1024.png 819w, https:\/\/xantala.es\/wp-content\/uploads\/2023\/02\/Diseno-sin-titulo-2-768x960.png 768w, https:\/\/xantala.es\/wp-content\/uploads\/2023\/02\/Diseno-sin-titulo-2.png 1080w\" sizes=\"(max-width: 240px) 100vw, 240px\" \/><\/a><\/p>\n<div><span style=\"font-family: arial, sans-serif; font-size: large;\">A Xantala us convidem al nostre <span style=\"color: #000000;\"><b>Casal de Setmana Santa.<\/b><\/span><\/span><\/div>\n<div><span style=\"font-family: arial, sans-serif; font-size: large;\"><b><span style=\"color: #ffffff;\">\u00a0<\/span><\/b><\/span><\/div>\n<div><span style=\"font-family: arial, sans-serif; font-size: large;\">Un espai l\u00fadic per <b>infants de 2 a 12 anys<\/b>, adaptat al moment maduratiu de l&#8217;infant, basat en els ritmes d&#8217;autoregulaci\u00f3, l&#8217;educaci\u00f3 lliure, el joc i l&#8217;expressi\u00f3 creativa.<\/span><\/div>\n<div>\n<div><\/div>\n<div>\n<div><b><img decoding=\"async\" class=\"an1\" src=\"https:\/\/fonts.gstatic.com\/s\/e\/notoemoji\/15.0\/1f31f\/32.png\" alt=\"\ud83c\udf1f\" data-emoji=\"\ud83c\udf1f\" aria-label=\"\ud83c\udf1f\" \/><\/b>\u00a0<b>INFORMACI\u00d3 PR\u00c0CTICA<\/b><\/div>\n<div>\n<ul>\n<li>Data:\u00a0<b>3 al 7 d&#8217;abril.<\/b><\/li>\n<\/ul>\n<ul>\n<li>L&#8217;horari ser\u00e0 de\u00a0<b>9h a 15h de dilluns a divendres.<\/b><\/li>\n<\/ul>\n<ul>\n<li>El menjar ser\u00e0 de\u00a0<b>carmanyola<\/b>\u00a0de dilluns a divendres.<\/li>\n<\/ul>\n<ul>\n<li><b>Acompanyants i r\u00e0tio:<\/b>\u00a0Depenent de les franges majorit\u00e0ries d&#8217;edat la r\u00e0tio pot oscil\u00b7lar entre 1\u00a0educador per 7 criatures o 1 educador per 8 criatures.<\/li>\n<\/ul>\n<ul>\n<li><b>Preu:<\/b>\n<ul>\n<li>100\u20ac\/setmana(20\u20ac\/dia) ) 1 nenx<\/li>\n<li>200\u20ac\/setmana (38\u20ac\/dia) 2 germans<\/li>\n<\/ul>\n<\/li>\n<\/ul>\n<div>\n<ul>\n<li><b>Reserva i inscripci\u00f3:\u00a0<\/b><\/li>\n<\/ul>\n<\/div>\n<\/div>\n<\/div>\n<\/div>\n<div>\n<div>\n<div>\n<div>\n<div><a href=\"mailto:info@xantala.es\" target=\"_blank\" rel=\"noopener noreferrer\">info@xantala.es<\/a><\/div>\n<p><span style=\"font-family: arial, sans-serif;\"><b>\u00a0<\/b><\/span><\/p>\n<\/div>\n<\/div>\n<\/div>\n<\/div>\n<blockquote>\n<div><span style=\"font-family: arial, sans-serif;\"><span style=\"color: #444444;\">\u00a0Tel.<\/span><span style=\"color: #000000;\"><b> 664 580 347\u00a0<\/b><\/span><\/span><\/div>\n<\/blockquote>\n<p><\/p>","protected":false},"excerpt":{"rendered":"<p>&nbsp; A Xantala us convidem al nostre Casal de Setmana Santa. \u00a0 Un espai l\u00fadic per infants de 2 a 12 anys, adaptat al moment maduratiu de l&#8217;infant, basat en els ritmes d&#8217;autoregulaci\u00f3, l&#8217;educaci\u00f3 lliure, el joc i l&#8217;expressi\u00f3 creativa. \u00a0INFORMACI\u00d3 PR\u00c0CTICA Data:\u00a03 al 7 d&#8217;abril. L&#8217;horari ser\u00e0 de\u00a09h a 15h de dilluns a divendres. &hellip; <\/p>\n<p class=\"link-more\"><a href=\"https:\/\/xantala.es\/ca\/puertas-abiertas-2\/\" class=\"more-link\">Continua llegint <span class=\"screen-reader-text\">\u00abCASAL DE SETMANA SANTA 2023\u00bb<\/span><\/a><\/p>\n","protected":false},"author":2,"featured_media":0,"parent":0,"menu_order":0,"comment_status":"closed","ping_status":"closed","template":"","meta":{"footnotes":""},"yoast_head":"<!-- This site is optimized with the Yoast SEO plugin v15.9.1 - https:\/\/yoast.com\/wordpress\/plugins\/seo\/ -->\n<title>CASAL DE SETMANA SANTA 2023 -<\/title>\n<link rel=\"canonical\" href=\"https:\/\/xantala.es\/puertas-abiertas-2\/\" \/>\n<meta property=\"og:locale\" content=\"ca_ES\" \/>\n<meta property=\"og:type\" content=\"article\" \/>\n<meta property=\"og:title\" content=\"[:es]CASAL DE SEMANA SANTA 2023[:ca]CASAL DE SETMANA SANTA 2023[:] -\" \/>\n<meta property=\"og:description\" content=\"&nbsp; A Xantala us convidem al nostre Casal de Setmana Santa. \u00a0 Un espai l\u00fadic per infants de 2 a 12 anys, adaptat al moment maduratiu de l&#8217;infant, basat en els ritmes d&#8217;autoregulaci\u00f3, l&#8217;educaci\u00f3 lliure, el joc i l&#8217;expressi\u00f3 creativa. \u00a0INFORMACI\u00d3 PR\u00c0CTICA Data:\u00a03 al 7 d&#8217;abril. L&#8217;horari ser\u00e0 de\u00a09h a 15h de dilluns a divendres. &hellip; Continua llegint \u00abCASAL DE SETMANA SANTA 2023\u00bb\" \/>\n<meta property=\"og:url\" content=\"https:\/\/xantala.es\/puertas-abiertas-2\/\" \/>\n<meta property=\"article:modified_time\" content=\"2023-04-14T10:35:16+00:00\" \/>\n<meta property=\"og:image\" content=\"https:\/\/xantala.es\/wp-content\/uploads\/2023\/02\/Diseno-sin-titulo-2-240x300.png\" \/>\n<meta name=\"twitter:card\" content=\"summary_large_image\" \/>\n<meta name=\"twitter:label1\" content=\"Temps estimat de lectura\">\n\t<meta name=\"twitter:data1\" content=\"1 minut\">\n<script type=\"application\/ld+json\" class=\"yoast-schema-graph\">{\"@context\":\"https:\/\/schema.org\",\"@graph\":[{\"@type\":\"WebSite\",\"@id\":\"https:\/\/xantala.es\/#website\",\"url\":\"https:\/\/xantala.es\/\",\"name\":\"\",\"description\":\"\",\"potentialAction\":[{\"@type\":\"SearchAction\",\"target\":\"https:\/\/xantala.es\/?s={search_term_string}\",\"query-input\":\"required name=search_term_string\"}],\"inLanguage\":\"ca\"},{\"@type\":\"ImageObject\",\"@id\":\"https:\/\/xantala.es\/puertas-abiertas-2\/#primaryimage\",\"inLanguage\":\"ca\",\"url\":\"https:\/\/xantala.es\/wp-content\/uploads\/2023\/02\/Diseno-sin-titulo-2.png\",\"width\":1080,\"height\":1350},{\"@type\":\"WebPage\",\"@id\":\"https:\/\/xantala.es\/puertas-abiertas-2\/#webpage\",\"url\":\"https:\/\/xantala.es\/puertas-abiertas-2\/\",\"name\":\"[:es]CASAL DE SEMANA SANTA 2023[:ca]CASAL DE SETMANA SANTA 2023[:] -\",\"isPartOf\":{\"@id\":\"https:\/\/xantala.es\/#website\"},\"primaryImageOfPage\":{\"@id\":\"https:\/\/xantala.es\/puertas-abiertas-2\/#primaryimage\"},\"datePublished\":\"2021-02-02T15:59:01+00:00\",\"dateModified\":\"2023-04-14T10:35:16+00:00\",\"breadcrumb\":{\"@id\":\"https:\/\/xantala.es\/puertas-abiertas-2\/#breadcrumb\"},\"inLanguage\":\"ca\",\"potentialAction\":[{\"@type\":\"ReadAction\",\"target\":[\"https:\/\/xantala.es\/puertas-abiertas-2\/\"]}]},{\"@type\":\"BreadcrumbList\",\"@id\":\"https:\/\/xantala.es\/puertas-abiertas-2\/#breadcrumb\",\"itemListElement\":[{\"@type\":\"ListItem\",\"position\":1,\"item\":{\"@type\":\"WebPage\",\"@id\":\"https:\/\/xantala.es\/\",\"url\":\"https:\/\/xantala.es\/\",\"name\":\"Inici\"}},{\"@type\":\"ListItem\",\"position\":2,\"item\":{\"@type\":\"WebPage\",\"@id\":\"https:\/\/xantala.es\/puertas-abiertas-2\/\",\"url\":\"https:\/\/xantala.es\/puertas-abiertas-2\/\",\"name\":\"CASAL DE SEMANA SANTA 2023\"}}]}]}<\/script>\n<!-- \/ Yoast SEO plugin. -->","_links":{"self":[{"href":"https:\/\/xantala.es\/ca\/wp-json\/wp\/v2\/pages\/2359"}],"collection":[{"href":"https:\/\/xantala.es\/ca\/wp-json\/wp\/v2\/pages"}],"about":[{"href":"https:\/\/xantala.es\/ca\/wp-json\/wp\/v2\/types\/page"}],"author":[{"embeddable":true,"href":"https:\/\/xantala.es\/ca\/wp-json\/wp\/v2\/users\/2"}],"replies":[{"embeddable":true,"href":"https:\/\/xantala.es\/ca\/wp-json\/wp\/v2\/comments?post=2359"}],"version-history":[{"count":44,"href":"https:\/\/xantala.es\/ca\/wp-json\/wp\/v2\/pages\/2359\/revisions"}],"predecessor-version":[{"id":3029,"href":"https:\/\/xantala.es\/ca\/wp-json\/wp\/v2\/pages\/2359\/revisions\/3029"}],"wp:attachment":[{"href":"https:\/\/xantala.es\/ca\/wp-json\/wp\/v2\/media?parent=2359"}],"curies":[{"name":"wp","href":"https:\/\/api.w.org\/{rel}","templated":true}]}}